{"id":83078,"date":"2020-04-01T21:52:56","date_gmt":"2020-04-02T00:52:56","guid":{"rendered":"https:\/\/megalabs.global\/eng\/?page_id=83078"},"modified":"2020-04-24T12:25:26","modified_gmt":"2020-04-24T15:25:26","slug":"farmacos","status":"publish","type":"page","link":"https:\/\/megalabs.global\/eng\/zxzconexion\/farmacos\/","title":{"rendered":"F\u00e1rmacos"},"content":{"rendered":"<div class=\"wpb-content-wrapper\"><p>[vc_row unlock_row_content=&#8221;yes&#8221; row_height_percent=&#8221;0&#8243; override_padding=&#8221;yes&#8221; h_padding=&#8221;3&#8243; top_padding=&#8221;2&#8243; bottom_padding=&#8221;3&#8243; back_color=&#8221;color-lxmt&#8221; overlay_alpha=&#8221;100&#8243; gutter_size=&#8221;100&#8243; column_width_percent=&#8221;100&#8243; shift_y=&#8221;0&#8243; z_index=&#8221;0&#8243; style=&#8221;inherited&#8221;][vc_column column_width_use_pixel=&#8221;yes&#8221; gutter_size=&#8221;3&#8243; overlay_alpha=&#8221;50&#8243; shift_x=&#8221;0&#8243; shift_y=&#8221;0&#8243; shift_y_down=&#8221;0&#8243; z_index=&#8221;0&#8243; medium_width=&#8221;0&#8243; mobile_width=&#8221;0&#8243; width=&#8221;1\/1&#8243; column_width_pixel=&#8221;800&#8243;][vc_column_text]<strong>En esta secci\u00f3n se detallan las opciones terap\u00e9uticos que est\u00e1n siendo utilizadas para el tratamiento para COVID-19. Hasta la fecha, solo se cuenta con datos parciales y preliminares sobre la eficacia los medicamentos a utilizar. Algunos de los tratamientos disponibles est\u00e1n a\u00fan en desarrollo, y otros son medicamentos ya autorizados en otras indicaciones.<\/strong><\/p>\n<p>Los f\u00e1rmacos contenidos en esta secci\u00f3n se encuentran tambi\u00e9n en las pautas de tratamiento de la <strong>Asociaci\u00f3n Internacional de Intercambio y Promoci\u00f3n para la Atenci\u00f3n M\u00e9dica y de Salud de China (CPAM,<\/strong> de sus siglas en ingl\u00e9s <em>China International Exchange and Promotive Association for Medical and Health Care)<\/em>, los protocolos de tratamiento de la <strong>Universidad de Johns Hopkins<\/strong>, la <strong>Universidad de Washington<\/strong>, la <strong>Organizaci\u00f3n Mundial de la Salud (OMS)<\/strong>, el <strong>Hospital General de Massachusetts <\/strong><em>(MGH, Massachusetts General Hospital)<\/em>, la <strong>Universidad de Yale<\/strong>, la <strong>Sociedad Americana Tor\u00e1cica<\/strong>, el <strong>Centro para el Control y Prevenci\u00f3n de Enfermedades<\/strong> <em>(CDC, Centers for Disease Control and Prevention)<\/em>, el <strong>Hospital Mount Sinai<\/strong>.<sup>1-12<\/sup><\/p>\n<p><strong>La Agencia Espa\u00f1ola de Medicamentos<\/strong> <em>(AEMPS)<\/em> tambi\u00e9n dispone de informaci\u00f3n actualizada sobre las estrategias terap\u00e9uticas potenciales. Esta agencia establece que los tratamientos disponibles son: Remdesivir, Lopinavir\/Ritonavir, Cloroquina, Hidroxicloroquina, Tocilizumab, Sarilumab, Interferon \u03b2-1A e Interfer\u00f3n \u03b1 -2B.<sup>13<\/sup><\/p>\n<p>El tratamiento con Lopinavir\/Ritonavir, Cloroquina e Hidroxicloroquina tambi\u00e9n ha sido propuesto por un grupo de profesionales sanitarios coreanos. Este grupo no recomienda el uso de medicamentos antivirales como Lopinavir\/Ritonavir en pacientes j\u00f3venes y sanos con s\u00edntomas leves y sin afecciones com\u00f3rbidas subyacentes. A su vez, no recomendaron el uso de Ribavirina e Interfer\u00f3n-alfa como tratamiento de primera l\u00ednea debido al riesgo de m\u00faltiples efectos adversos, indicando su uso solamente si Lopinavir\/Ritonavir, cuando Cloroquina e Hidroxicloroquina han resultado inefectivos.<sup>14<\/sup>[\/vc_column_text][vc_separator sep_color=&#8221;accent&#8221;][uncode_index el_id=&#8221;index-15588655905&#8243; isotope_mode=&#8221;fitRows&#8221; loop=&#8221;size:All|order_by:date|order:DESC|post_type:post|categories:94&#8243; footer_full_width=&#8221;yes&#8221; gutter_size=&#8221;2&#8243; post_items=&#8221;media|featured|onpost|poster,title,text|excerpt|84,date&#8221; page_items=&#8221;title,media,text,category&#8221; product_items=&#8221;title,media,text,category,price&#8221; portfolio_items=&#8221;title,media,text,category&#8221; screen_lg=&#8221;1700&#8243; screen_md=&#8221;960&#8243; screen_sm=&#8221;480&#8243; single_width=&#8221;2&#8243; images_size=&#8221;three-two&#8221; single_back_color=&#8221;color-xsdn&#8221; single_shape=&#8221;round&#8221; radius=&#8221;xs&#8221; single_overlay_opacity=&#8221;50&#8243; single_text_visible=&#8221;yes&#8221; single_text_anim=&#8221;no&#8221; single_overlay_anim=&#8221;no&#8221; single_padding=&#8221;2&#8243; single_title_dimension=&#8221;h5&#8243; single_shadow=&#8221;yes&#8221; shadow_weight=&#8221;sm&#8221; single_border=&#8221;yes&#8221; single_css_animation=&#8221;bottom-t-top&#8221; single_animation_delay=&#8221;200&#8243; single_half_padding=&#8221;&#8221; single_title_bold=&#8221;yes&#8221; single_title_serif=&#8221;&#8221; single_title_divider=&#8221;&#8221; single_no_background=&#8221;&#8221; items=&#8221;e30=&#8221; footer_position=&#8221;left&#8221; carousel_rtl=&#8221;&#8221; single_icon=&#8221;fa fa-plus2&#8243; filtering_transform=&#8221;uppercase&#8221;][vc_separator sep_color=&#8221;accent&#8221;][vc_custom_heading heading_semantic=&#8221;h6&#8243; text_size=&#8221;h6&#8243; text_weight=&#8221;300&#8243; text_color=&#8221;color-877404&#8243;]Referencias[\/vc_custom_heading][vc_custom_heading heading_semantic=&#8221;h6&#8243; text_size=&#8221;h6&#8243; text_weight=&#8221;300&#8243; text_color=&#8221;color-jevc&#8221;](1) Chu C, Cheng V, Hung I. Role of lopinavir\/ritonavir in the treatment of SARS: Initial virological and clinical findings. Thorax. 2004;59(3):252-6.<br \/>\n(2) Jin Y, Cao L, Cheng Z, al e. A rapid advice guideline for the diagnosis and treatment of 2019 novel coronavirus (2019-nCoV) infected pneumonia (standard version). Military Med Res. 2020;7(4).<br \/>\n(3) Huang C, Wang Y, Li X, al. e. Clinical features of patients infected with 2019 novel coronavirus in Wuhan, China. . Lancet. 2020;395(10223):497-506.<br \/>\n(4) Universidad de Johns Hopkins: <a href=\"https:\/\/www.hopkinsguides.com\/hopkins\/\/view\/Johns_Hopkins_ABX_Guide\/540747\/all\/Coronavirus_COVID_19__SARS_CoV_2_?refer=true\">Click aqu\u00ed<\/a><br \/>\n(5) Universidad de Washington: <a href=\"https:\/\/covid.idea.medicine.uw.edu\/page\/treatment\/drugs\">Click aqu\u00ed<\/a><br \/>\n(6) Organizaci\u00f3n Mundial de la Salud (OMS): <a href=\"https:\/\/www.who.int\/publications-detail\/clinical-management-of-severe-acute-respiratory-infection-when-novel-coronavirus-(ncov)-infection-is-suspected\">Click aqu\u00ed<\/a><br \/>\n(7) Hospital General de Massachusetts (MGH, Massachusetts General Hospital): <a href=\"https:\/\/www.massgeneral.org\/news\/coronavirus\/treatment-guidance\">Click aqu\u00ed<\/a><br \/>\n(8) Universidad de Yale: <a href=\"https:\/\/files-profile.medicine.yale.edu\/documents\/f813a2c5-72bc-4a66-ae41-41249fa51443\">Click aqu\u00ed<\/a><br \/>\n(9) Sociedad Americana Tor\u00e1cica:<br \/>\n<a href=\"https:\/\/www.thoracic.org\/covid\/covid-19-guidance.pdf\">Click aqu\u00ed<\/a><br \/>\n(10) Sociedad Americana Tor\u00e1cica, el Centro para el Control y Prevenci\u00f3n de Enfermedades (CDC, Centers for Disease Control and Prevention): <a href=\"https:\/\/www.idsociety.org\/practice-guideline\/covid-19-guideline-treatment-and-management\/\">Click aqu\u00ed<\/a><br \/>\n(11) Hospital Mount Sinai: <a href=\"https:\/\/www.mountsinai.org\/files\/MSHealth\/Assets\/HS\/About\/Coronavirus\/MSHS-Treatment-Guidelines-COVID.pdf\">Click aqu\u00ed<\/a><br \/>\n(12) Hospital Mount Sinai: <a href=\"https:\/\/emergencymedicinecases.com\/wp-content\/uploads\/2020\/04\/COVID-19-Anticoagulation-Algorithm-version_final_1.1.pdf\">Click aqu\u00ed<\/a><br \/>\n(13) Tratamientos disponibles para el manejo de la infecci\u00f3n respiratoria por SARS-CoV-2. AEMPS2020. Available from: <a href=\"https:\/\/www.aemps.gob.es\/la-aemps\/ultima-informacion-de-la-aemps-acerca-del-covid%e2%80%9119\/tratamientos-disponibles-para-el-manejo-de-la-infeccion-respiratoria-por-sars-cov-2\/\">Click aqu\u00ed<\/a><br \/>\n(14) Physicians work out treatment guidelines for coronavirus [press release]. Korea Biomedical Review2020.[\/vc_custom_heading][\/vc_column][\/vc_row]<\/p>\n<\/div>","protected":false},"excerpt":{"rendered":"<p>Create a classic grid layout with 70+ custom options.<\/p>\n","protected":false},"author":1,"featured_media":80724,"parent":83010,"menu_order":0,"comment_status":"closed","ping_status":"closed","template":"","meta":{"footnotes":""},"class_list":["post-83078","page","type-page","status-publish","has-post-thumbnail","hentry"],"_links":{"self":[{"href":"https:\/\/megalabs.global\/eng\/wp-json\/wp\/v2\/pages\/83078","targetHints":{"allow":["GET"]}}],"collection":[{"href":"https:\/\/megalabs.global\/eng\/wp-json\/wp\/v2\/pages"}],"about":[{"href":"https:\/\/megalabs.global\/eng\/wp-json\/wp\/v2\/types\/page"}],"author":[{"embeddable":true,"href":"https:\/\/megalabs.global\/eng\/wp-json\/wp\/v2\/users\/1"}],"replies":[{"embeddable":true,"href":"https:\/\/megalabs.global\/eng\/wp-json\/wp\/v2\/comments?post=83078"}],"version-history":[{"count":0,"href":"https:\/\/megalabs.global\/eng\/wp-json\/wp\/v2\/pages\/83078\/revisions"}],"up":[{"embeddable":true,"href":"https:\/\/megalabs.global\/eng\/wp-json\/wp\/v2\/pages\/83010"}],"wp:featuredmedia":[{"embeddable":true,"href":"https:\/\/megalabs.global\/eng\/wp-json\/wp\/v2\/media\/80724"}],"wp:attachment":[{"href":"https:\/\/megalabs.global\/eng\/wp-json\/wp\/v2\/media?parent=83078"}],"curies":[{"name":"wp","href":"https:\/\/api.w.org\/{rel}","templated":true}]}}