{"id":79795,"date":"2019-10-23T01:10:33","date_gmt":"2019-10-23T04:10:33","guid":{"rendered":"https:\/\/megalabs.global\/por\/?page_id=79795"},"modified":"2023-07-14T12:02:24","modified_gmt":"2023-07-14T15:02:24","slug":"mensagem-do-ceo","status":"publish","type":"page","link":"https:\/\/megalabs.global\/por\/mensagem-do-ceo\/","title":{"rendered":"Mensagem do CEO"},"content":{"rendered":"<div class=\"wpb-content-wrapper\"><p>[vc_row row_height_percent=&#8221;0&#8243; override_padding=&#8221;yes&#8221; h_padding=&#8221;2&#8243; top_padding=&#8221;0&#8243; bottom_padding=&#8221;0&#8243; overlay_alpha=&#8221;50&#8243; gutter_size=&#8221;3&#8243; column_width_percent=&#8221;100&#8243; shift_y=&#8221;0&#8243; z_index=&#8221;0&#8243;][vc_column column_width_percent=&#8221;100&#8243; gutter_size=&#8221;3&#8243; overlay_alpha=&#8221;50&#8243; shift_x=&#8221;0&#8243; shift_y=&#8221;0&#8243; shift_y_down=&#8221;0&#8243; z_index=&#8221;0&#8243; medium_width=&#8221;0&#8243; mobile_width=&#8221;0&#8243; width=&#8221;1\/1&#8243; css=&#8221;.vc_custom_1571071998671{padding-top: 100px !important;padding-bottom: 100px !important;}&#8221;][vc_row_inner row_inner_height_percent=&#8221;0&#8243; overlay_alpha=&#8221;50&#8243; gutter_size=&#8221;4&#8243; shift_y=&#8221;0&#8243;][vc_column_inner column_width_percent=&#8221;100&#8243; gutter_size=&#8221;4&#8243; overlay_alpha=&#8221;50&#8243; shift_x=&#8221;0&#8243; shift_y=&#8221;0&#8243; shift_y_down=&#8221;0&#8243; z_index=&#8221;0&#8243; medium_width=&#8221;0&#8243; mobile_width=&#8221;0&#8243; sticky=&#8221;yes&#8221; width=&#8221;3\/12&#8243;][vc_custom_heading text_font=&#8221;font-195522&#8243; text_weight=&#8221;700&#8243;]<span style=\"color: #339966;\">Liderar em um contexto de mudan\u00e7as<\/span>[\/vc_custom_heading][\/vc_column_inner][vc_column_inner column_width_percent=&#8221;100&#8243; gutter_size=&#8221;3&#8243; overlay_alpha=&#8221;50&#8243; shift_x=&#8221;0&#8243; shift_y=&#8221;0&#8243; shift_y_down=&#8221;0&#8243; z_index=&#8221;0&#8243; medium_width=&#8221;0&#8243; mobile_width=&#8221;0&#8243; width=&#8221;9\/12&#8243;][vc_custom_heading text_color=&#8221;color-wvjs&#8221; heading_semantic=&#8221;p&#8221; text_font=&#8221;font-195522&#8243; text_weight=&#8221;600&#8243; uncode_shortcode_id=&#8221;702012&#8243; text_color_type=&#8221;uncode-palette&#8221;]Gianclaudio Broggi \u00e9 um l\u00edder com experi\u00eancia em estrat\u00e9gia empresarial e planejamento. Sua carreira na Megalabs come\u00e7ou h\u00e1 20 anos.[\/vc_custom_heading][vc_column_text text_lead=&#8221;yes&#8221;]Ocupando diferentes cargos, ele contribuiu para o crescimento da organiza\u00e7\u00e3o e seu posicionamento em diversos mercados regionais, um desafio que parecia dif\u00edcil de superar, mas que hoje \u00e9 um dos pilares dos neg\u00f3cios da empresa. Seu conhecimento da organiza\u00e7\u00e3o e sua afinidade com os valores fundamentais da empresa fazem dele a pessoa ideal para liderar o futuro da Megalabs em um contexto de mudan\u00e7as.[\/vc_column_text][\/vc_column_inner][\/vc_row_inner][\/vc_column][\/vc_row][vc_row row_height_percent=&#8221;75&#8243; override_padding=&#8221;yes&#8221; h_padding=&#8221;2&#8243; top_padding=&#8221;4&#8243; bottom_padding=&#8221;4&#8243; back_color=&#8221;color-wayh&#8221; back_image=&#8221;80571&#8243; parallax=&#8221;yes&#8221; kburns=&#8221;yes&#8221; overlay_color=&#8221;color-wayh&#8221; overlay_alpha=&#8221;11&#8243; gutter_size=&#8221;3&#8243; column_width_percent=&#8221;100&#8243; shift_y=&#8221;0&#8243; z_index=&#8221;0&#8243;][vc_column column_width_percent=&#8221;100&#8243; position_horizontal=&#8221;left&#8221; position_vertical=&#8221;bottom&#8221; gutter_size=&#8221;3&#8243; style=&#8221;dark&#8221; overlay_alpha=&#8221;50&#8243; shift_x=&#8221;0&#8243; shift_y=&#8221;0&#8243; shift_y_down=&#8221;0&#8243; z_index=&#8221;0&#8243; medium_width=&#8221;0&#8243; mobile_width=&#8221;0&#8243; width=&#8221;9\/12&#8243;][vc_empty_space empty_h=&#8221;2&#8243;][vc_custom_heading heading_semantic=&#8221;p&#8221; text_size=&#8221;&#8221; text_weight=&#8221;300&#8243; text_italic=&#8221;yes&#8221; el_class=&#8221;d11-cita&#8221;]<em>&#8220;A Megalabs j\u00e1 percorreu um caminho de conquistas, desafios e aprendizagens que constitui as bases de uma aposta ambiciosa no crescimento sustent\u00e1vel com o passar do tempo.<br \/>\nEm um momento em que est\u00e1 surgindo uma nova onda de inova\u00e7\u00e3o terap\u00eautica, temos o compromisso de proporcionar produtos melhores, combinando todo o nosso potencial com as melhores tecnologias. Estamos passando por um processo de transforma\u00e7\u00e3o estrat\u00e9gica rumo ao futuro que exige maturidade, solidez e uma aposta constante na excel\u00eancia m\u00e1xima, sempre preservando os nossos valores. Esse impulso de crescimento renovado permite-nos fortalecer a nossa miss\u00e3o: melhorar a sa\u00fade das pessoas, oferecendo solu\u00e7\u00f5es terap\u00eauticas inovadoras ao alcance de todos.&#8221;<\/em>[\/vc_custom_heading][vc_custom_heading heading_semantic=&#8221;h6&#8243; text_font=&#8221;font-195522&#8243; text_size=&#8221;h4&#8243; text_weight=&#8221;300&#8243;]<em>\u2014 Gianclaudio Broggi (CEO da Megalabs)<\/em>[\/vc_custom_heading][\/vc_column][vc_column width=&#8221;3\/12&#8243;][\/vc_column][\/vc_row][vc_row row_height_percent=&#8221;0&#8243; overlay_alpha=&#8221;50&#8243; gutter_size=&#8221;3&#8243; column_width_percent=&#8221;100&#8243; shift_y=&#8221;0&#8243; z_index=&#8221;0&#8243; css=&#8221;.vc_custom_1572395224636{padding-top: 50px !important;padding-bottom: 0px !important;}&#8221;][vc_column column_width_percent=&#8221;100&#8243; align_horizontal=&#8221;align_center&#8221; gutter_size=&#8221;3&#8243; overlay_alpha=&#8221;50&#8243; shift_x=&#8221;0&#8243; shift_y=&#8221;0&#8243; shift_y_down=&#8221;0&#8243; z_index=&#8221;0&#8243; medium_width=&#8221;0&#8243; mobile_width=&#8221;0&#8243; width=&#8221;1\/1&#8243;][vc_custom_heading text_color=&#8221;color-877404&#8243; heading_semantic=&#8221;p&#8221; text_font=&#8221;font-195522&#8243; text_weight=&#8221;700&#8243;]Videos[\/vc_custom_heading][\/vc_column][\/vc_row][vc_row row_height_percent=&#8221;65&#8243; override_padding=&#8221;yes&#8221; h_padding=&#8221;2&#8243; top_padding=&#8221;0&#8243; bottom_padding=&#8221;0&#8243; overlay_alpha=&#8221;0&#8243; gutter_size=&#8221;3&#8243; column_width_percent=&#8221;100&#8243; shift_y=&#8221;0&#8243; z_index=&#8221;0&#8243; css=&#8221;.vc_custom_1572395387828{padding-top: 30px !important;padding-bottom: 30px !important;}&#8221;][vc_column column_width_percent=&#8221;100&#8243; gutter_size=&#8221;3&#8243; overlay_alpha=&#8221;50&#8243; shift_x=&#8221;0&#8243; shift_y=&#8221;0&#8243; shift_y_down=&#8221;0&#8243; z_index=&#8221;0&#8243; medium_width=&#8221;0&#8243; mobile_width=&#8221;0&#8243; width=&#8221;1\/2&#8243;][vc_single_image media=&#8221;79488&#8243; media_width_percent=&#8221;100&#8243;][vc_custom_heading heading_semantic=&#8221;h4&#8243; text_size=&#8221;h4&#8243;]Discurso de Gianclaudio Broggi na inaugura\u00e7\u00e3o da Megalabs[\/vc_custom_heading][\/vc_column][vc_column column_width_percent=&#8221;100&#8243; gutter_size=&#8221;3&#8243; overlay_alpha=&#8221;50&#8243; shift_x=&#8221;0&#8243; shift_y=&#8221;0&#8243; shift_y_down=&#8221;0&#8243; z_index=&#8221;0&#8243; medium_width=&#8221;0&#8243; mobile_width=&#8221;0&#8243; width=&#8221;1\/2&#8243;][vc_single_image media=&#8221;79490&#8243; media_width_percent=&#8221;100&#8243;][vc_custom_heading heading_semantic=&#8221;h4&#8243; text_size=&#8221;h4&#8243;]Entrevista na &#8220;En Perspectiva&#8221; com Gianclaudio Broggi e Andr\u00e9s Prada[\/vc_custom_heading][\/vc_column][\/vc_row]<\/p>\n<\/div>","protected":false},"excerpt":{"rendered":"<p>[vc_row row_height_percent=&#8221;0&#8243; override_padding=&#8221;yes&#8221; h_padding=&#8221;2&#8243; top_padding=&#8221;0&#8243; bottom_padding=&#8221;0&#8243; overlay_alpha=&#8221;50&#8243; gutter_size=&#8221;3&#8243; column_width_percent=&#8221;100&#8243; shift_y=&#8221;0&#8243; z_index=&#8221;0&#8243;][vc_column column_width_percent=&#8221;100&#8243; gutter_size=&#8221;3&#8243; overlay_alpha=&#8221;50&#8243; shift_x=&#8221;0&#8243; shift_y=&#8221;0&#8243; shift_y_down=&#8221;0&#8243; z_index=&#8221;0&#8243; medium_width=&#8221;0&#8243; mobile_width=&#8221;0&#8243; [&hellip;]<\/p>\n","protected":false},"author":1,"featured_media":0,"parent":0,"menu_order":0,"comment_status":"closed","ping_status":"closed","template":"","meta":{"footnotes":""},"class_list":["post-79795","page","type-page","status-publish","hentry"],"_links":{"self":[{"href":"https:\/\/megalabs.global\/por\/wp-json\/wp\/v2\/pages\/79795","targetHints":{"allow":["GET"]}}],"collection":[{"href":"https:\/\/megalabs.global\/por\/wp-json\/wp\/v2\/pages"}],"about":[{"href":"https:\/\/megalabs.global\/por\/wp-json\/wp\/v2\/types\/page"}],"author":[{"embeddable":true,"href":"https:\/\/megalabs.global\/por\/wp-json\/wp\/v2\/users\/1"}],"replies":[{"embeddable":true,"href":"https:\/\/megalabs.global\/por\/wp-json\/wp\/v2\/comments?post=79795"}],"version-history":[{"count":2,"href":"https:\/\/megalabs.global\/por\/wp-json\/wp\/v2\/pages\/79795\/revisions"}],"predecessor-version":[{"id":84085,"href":"https:\/\/megalabs.global\/por\/wp-json\/wp\/v2\/pages\/79795\/revisions\/84085"}],"wp:attachment":[{"href":"https:\/\/megalabs.global\/por\/wp-json\/wp\/v2\/media?parent=79795"}],"curies":[{"name":"wp","href":"https:\/\/api.w.org\/{rel}","templated":true}]}}