{"id":80182,"date":"2019-10-28T21:24:52","date_gmt":"2019-10-29T00:24:52","guid":{"rendered":"https:\/\/megalabs.global\/por\/?page_id=80182"},"modified":"2021-07-21T13:32:57","modified_gmt":"2021-07-21T16:32:57","slug":"a-megalabs-em-numeros","status":"publish","type":"page","link":"https:\/\/megalabs.global\/por\/a-megalabs-em-numeros\/","title":{"rendered":"A Megalabs em n\u00fameros"},"content":{"rendered":"<div class=\"wpb-content-wrapper\"><p>[vc_row row_height_percent=&#8221;100&#8243; back_color=&#8221;color-877404&#8243; back_image=&#8221;81357&#8243; back_position=&#8221;center bottom&#8221; kburns=&#8221;yes&#8221; overlay_alpha=&#8221;0&#8243; gutter_size=&#8221;2&#8243; column_width_percent=&#8221;100&#8243; shift_y=&#8221;0&#8243; z_index=&#8221;0&#8243;][vc_column column_width_percent=&#8221;100&#8243; position_vertical=&#8221;middle&#8221; gutter_size=&#8221;2&#8243; style=&#8221;dark&#8221; overlay_alpha=&#8221;50&#8243; shift_x=&#8221;0&#8243; shift_y=&#8221;0&#8243; shift_y_down=&#8221;0&#8243; z_index=&#8221;0&#8243; medium_width=&#8221;0&#8243; mobile_width=&#8221;0&#8243; width=&#8221;1\/1&#8243; css=&#8221;.vc_custom_1579802387583{padding-top: 0px !important;padding-bottom: 0px !important;}&#8221;][vc_row_inner row_inner_height_percent=&#8221;0&#8243; overlay_alpha=&#8221;50&#8243; gutter_size=&#8221;3&#8243; shift_y=&#8221;0&#8243; z_index=&#8221;0&#8243; el_class=&#8221;icons-top-d11&#8243; limit_content=&#8221;&#8221;][vc_column_inner column_width_percent=&#8221;100&#8243; position_vertical=&#8221;bottom&#8221; gutter_size=&#8221;2&#8243; style=&#8221;dark&#8221; overlay_alpha=&#8221;50&#8243; shift_x=&#8221;0&#8243; shift_y=&#8221;0&#8243; shift_y_down=&#8221;0&#8243; z_index=&#8221;0&#8243; medium_width=&#8221;0&#8243; mobile_width=&#8221;0&#8243; css_animation=&#8221;right-t-left&#8221; width=&#8221;2\/3&#8243;][vc_custom_heading heading_semantic=&#8221;h3&#8243; text_font=&#8221;font-195522&#8243; text_size=&#8221;&#8221; text_weight=&#8221;500&#8243;]Transformamos o potencial da nossa empresa e as capacidades dos nossos funcion\u00e1rios em realidades que nos permitem construir o futuro.[\/vc_custom_heading][\/vc_column_inner][vc_column_inner column_width_percent=&#8221;100&#8243; position_horizontal=&#8221;left&#8221; gutter_size=&#8221;2&#8243; style=&#8221;dark&#8221; overlay_alpha=&#8221;0&#8243; shift_x=&#8221;0&#8243; shift_y=&#8221;0&#8243; shift_y_down=&#8221;0&#8243; z_index=&#8221;0&#8243; medium_width=&#8221;0&#8243; mobile_width=&#8221;0&#8243; css_animation=&#8221;right-t-left&#8221; width=&#8221;1\/3&#8243;][uncode_counter value=&#8221;8.000&#8243; prefix=&#8221;+&#8221; font=&#8221;font-195522&#8243; weight=&#8221;700&#8243; text=&#8221;Colaboradores&#8221; css_animation=&#8221;alpha-anim&#8221; animation_delay=&#8221;500&#8243;][uncode_counter value=&#8221;50,4&#8243; font=&#8221;font-195522&#8243; weight=&#8221;600&#8243; css_animation=&#8221;alpha-anim&#8221; animation_delay=&#8221;500&#8243; suffix=&#8221;% mulheres&#8221;][uncode_counter value=&#8221;49,6&#8243; font=&#8221;font-195522&#8243; weight=&#8221;600&#8243; css_animation=&#8221;alpha-anim&#8221; animation_delay=&#8221;500&#8243; suffix=&#8221;% homens&#8221;][\/vc_column_inner][\/vc_row_inner][vc_separator css_animation=&#8221;alpha-anim&#8221; el_height=&#8221;3px&#8221;][vc_row_inner row_inner_height_percent=&#8221;0&#8243; overlay_alpha=&#8221;50&#8243; equal_height=&#8221;yes&#8221; gutter_size=&#8221;2&#8243; shift_y=&#8221;0&#8243; z_index=&#8221;0&#8243; el_class=&#8221;iconos-d11&#8243; limit_content=&#8221;&#8221;][vc_column_inner column_width_percent=&#8221;100&#8243; gutter_size=&#8221;2&#8243; style=&#8221;dark&#8221; overlay_alpha=&#8221;50&#8243; shift_x=&#8221;0&#8243; shift_y=&#8221;0&#8243; shift_y_down=&#8221;0&#8243; z_index=&#8221;0&#8243; medium_width=&#8221;0&#8243; mobile_width=&#8221;7&#8243; css_animation=&#8221;left-t-right&#8221; width=&#8221;1\/4&#8243;][vc_icon position=&#8221;left&#8221; title_aligned_icon=&#8221;yes&#8221; icon_image=&#8221;80218&#8243; media_size=&#8221;90&#8243; text_font=&#8221;font-195522&#8243; text_size=&#8221;&#8221; text_weight=&#8221;700&#8243; title=&#8221;18&#8243;]Pa\u00edses<\/p>\n<p>[\/vc_icon][\/vc_column_inner][vc_column_inner column_width_percent=&#8221;100&#8243; gutter_size=&#8221;2&#8243; style=&#8221;dark&#8221; font_family=&#8221;font-202503&#8243; overlay_alpha=&#8221;10&#8243; shift_x=&#8221;0&#8243; shift_y=&#8221;0&#8243; shift_y_down=&#8221;0&#8243; z_index=&#8221;0&#8243; medium_width=&#8221;0&#8243; mobile_width=&#8221;7&#8243; css_animation=&#8221;left-t-right&#8221; width=&#8221;1\/4&#8243;][vc_icon position=&#8221;left&#8221; title_aligned_icon=&#8221;yes&#8221; icon_image=&#8221;80219&#8243; media_size=&#8221;90&#8243; text_font=&#8221;font-195522&#8243; text_size=&#8221;&#8221; text_weight=&#8221;700&#8243; title=&#8221;17&#8243;]F\u00e1bricas de produ\u00e7\u00e3o[\/vc_icon][\/vc_column_inner][vc_column_inner column_width_percent=&#8221;100&#8243; gutter_size=&#8221;2&#8243; style=&#8221;dark&#8221; overlay_alpha=&#8221;50&#8243; shift_x=&#8221;0&#8243; shift_y=&#8221;0&#8243; shift_y_down=&#8221;0&#8243; z_index=&#8221;0&#8243; medium_width=&#8221;0&#8243; mobile_width=&#8221;7&#8243; css_animation=&#8221;left-t-right&#8221; width=&#8221;1\/4&#8243;][vc_icon position=&#8221;left&#8221; title_aligned_icon=&#8221;yes&#8221; icon_image=&#8221;80221&#8243; media_size=&#8221;90&#8243; text_font=&#8221;font-195522&#8243; text_size=&#8221;&#8221; text_weight=&#8221;700&#8243; title=&#8221;7&#8243;]Centros de P+D[\/vc_icon][\/vc_column_inner][vc_column_inner column_width_percent=&#8221;100&#8243; gutter_size=&#8221;2&#8243; style=&#8221;dark&#8221; overlay_alpha=&#8221;50&#8243; shift_x=&#8221;0&#8243; shift_y=&#8221;0&#8243; shift_y_down=&#8221;0&#8243; z_index=&#8221;0&#8243; medium_width=&#8221;0&#8243; mobile_width=&#8221;7&#8243; css_animation=&#8221;left-t-right&#8221; width=&#8221;1\/4&#8243;][vc_icon position=&#8221;left&#8221; title_aligned_icon=&#8221;yes&#8221; icon_image=&#8221;80220&#8243; media_size=&#8221;90&#8243; text_font=&#8221;font-195522&#8243; text_size=&#8221;&#8221; text_weight=&#8221;700&#8243; title=&#8221;+80&#8243;]Projetos de P+D[\/vc_icon][\/vc_column_inner][\/vc_row_inner][vc_empty_space empty_h=&#8221;5&#8243; desktop_visibility=&#8221;yes&#8221;][\/vc_column][\/vc_row][vc_row unlock_row_content=&#8221;yes&#8221; row_height_percent=&#8221;100&#8243; back_color=&#8221;color-xsdn&#8221; overlay_color=&#8221;color-xsdn&#8221; overlay_alpha=&#8221;95&#8243; overlay_color_blend=&#8221;multiply&#8221; gutter_size=&#8221;3&#8243; column_width_percent=&#8221;100&#8243; shift_y=&#8221;0&#8243; z_index=&#8221;0&#8243;][vc_column column_width_percent=&#8221;100&#8243; position_vertical=&#8221;middle&#8221; gutter_size=&#8221;5&#8243; style=&#8221;dark&#8221; overlay_alpha=&#8221;50&#8243; shift_x=&#8221;0&#8243; shift_y=&#8221;0&#8243; shift_y_down=&#8221;0&#8243; z_index=&#8221;0&#8243; medium_width=&#8221;0&#8243; mobile_width=&#8221;0&#8243; width=&#8221;1\/1&#8243;][vc_row_inner row_inner_height_percent=&#8221;0&#8243; overlay_alpha=&#8221;50&#8243; gutter_size=&#8221;4&#8243; shift_y=&#8221;0&#8243; z_index=&#8221;0&#8243; limit_content=&#8221;&#8221;][vc_column_inner column_width_percent=&#8221;100&#8243; position_horizontal=&#8221;left&#8221; gutter_size=&#8221;3&#8243; style=&#8221;dark&#8221; font_family=&#8221;font-195522&#8243; overlay_alpha=&#8221;50&#8243; shift_x=&#8221;0&#8243; shift_y=&#8221;0&#8243; shift_y_down=&#8221;0&#8243; z_index=&#8221;0&#8243; medium_width=&#8221;0&#8243; mobile_width=&#8221;0&#8243; css_animation=&#8221;right-t-left&#8221; width=&#8221;1\/1&#8243;][vc_custom_heading text_font=&#8221;font-195522&#8243; text_size=&#8221;&#8221; text_weight=&#8221;300&#8243; text_color=&#8221;color-877404&#8243; separator=&#8221;yes&#8221; separator_color=&#8221;yes&#8221;]Constru\u00edmos algumas das marcas mais renomadas da Am\u00e9rica Latina[\/vc_custom_heading][vc_empty_space empty_h=&#8221;5&#8243; desktop_visibility=&#8221;yes&#8221;][vc_empty_space empty_h=&#8221;5&#8243; desktop_visibility=&#8221;yes&#8221;][vc_empty_space empty_h=&#8221;5&#8243; desktop_visibility=&#8221;yes&#8221;][\/vc_column_inner][\/vc_row_inner][vc_row_inner row_inner_height_percent=&#8221;0&#8243; overlay_alpha=&#8221;50&#8243; gutter_size=&#8221;4&#8243; shift_y=&#8221;0&#8243; z_index=&#8221;0&#8243; limit_content=&#8221;&#8221;][vc_column_inner column_width_percent=&#8221;100&#8243; position_horizontal=&#8221;left&#8221; gutter_size=&#8221;3&#8243; style=&#8221;dark&#8221; font_family=&#8221;font-195522&#8243; overlay_alpha=&#8221;50&#8243; shift_x=&#8221;0&#8243; shift_y=&#8221;0&#8243; shift_y_down=&#8221;0&#8243; z_index=&#8221;0&#8243; medium_width=&#8221;0&#8243; mobile_width=&#8221;0&#8243; css_animation=&#8221;right-t-left&#8221; width=&#8221;1\/1&#8243;][vc_gallery el_id=&#8221;gallery-141080&#8243; type=&#8221;carousel&#8221; medias=&#8221;80108,80107,80109,80111,80121,80113,80119,80110,80115,80120,80118,81503,80106,80117,80112,80116&#8243; carousel_lg=&#8221;5&#8243; carousel_md=&#8221;5&#8243; carousel_sm=&#8221;2&#8243; gutter_size=&#8221;3&#8243; media_items=&#8221;media|nolink|original,icon|lg&#8221; carousel_interval=&#8221;3000&#8243; carousel_navspeed=&#8221;200&#8243; stage_padding=&#8221;0&#8243; single_overlay_color=&#8221;color-xsdn&#8221; single_overlay_opacity=&#8221;50&#8243; single_h_align=&#8221;center&#8221; single_padding=&#8221;2&#8243; single_border=&#8221;yes&#8221; single_css_animation=&#8221;zoom-in&#8221; single_animation_delay=&#8221;200&#8243; lbox_skin=&#8221;white&#8221; items=&#8221;eyI4MDEyMV9pIjp7InNpbmdsZV9sYXlvdXRfbWVkaWFfaXRlbXMiOiJtZWRpYXxsaWdodGJveHxvcmlnaW5hbCxpY29uLGRlc2NyaXB0aW9uIn19&#8243;][\/vc_column_inner][\/vc_row_inner][vc_empty_space empty_h=&#8221;5&#8243; desktop_visibility=&#8221;yes&#8221;][\/vc_column][\/vc_row][vc_row row_height_percent=&#8221;100&#8243; back_color=&#8221;color-877404&#8243; back_image=&#8221;81358&#8243; back_position=&#8221;center bottom&#8221; kburns=&#8221;yes&#8221; overlay_alpha=&#8221;95&#8243; gutter_size=&#8221;0&#8243; column_width_percent=&#8221;100&#8243; shift_y=&#8221;0&#8243; z_index=&#8221;0&#8243;][vc_column column_width_percent=&#8221;100&#8243; position_vertical=&#8221;middle&#8221; gutter_size=&#8221;2&#8243; style=&#8221;dark&#8221; overlay_alpha=&#8221;50&#8243; shift_x=&#8221;0&#8243; shift_y=&#8221;0&#8243; shift_y_down=&#8221;0&#8243; z_index=&#8221;0&#8243; medium_width=&#8221;0&#8243; mobile_width=&#8221;0&#8243; width=&#8221;1\/1&#8243;][vc_row_inner row_inner_height_percent=&#8221;0&#8243; overlay_alpha=&#8221;50&#8243; gutter_size=&#8221;4&#8243; shift_y=&#8221;0&#8243; z_index=&#8221;0&#8243; el_class=&#8221;icons-top-d11&#8243; limit_content=&#8221;&#8221;][vc_column_inner column_width_percent=&#8221;100&#8243; position_vertical=&#8221;bottom&#8221; gutter_size=&#8221;2&#8243; style=&#8221;dark&#8221; overlay_alpha=&#8221;50&#8243; shift_x=&#8221;0&#8243; shift_y=&#8221;0&#8243; shift_y_down=&#8221;0&#8243; z_index=&#8221;0&#8243; medium_width=&#8221;0&#8243; mobile_width=&#8221;0&#8243; css_animation=&#8221;right-t-left&#8221; width=&#8221;2\/3&#8243;][vc_custom_heading heading_semantic=&#8221;h3&#8243; text_font=&#8221;font-195522&#8243; text_size=&#8221;&#8221; text_weight=&#8221;500&#8243;]Assumimos um compromisso com as nossas comunidades, levando solu\u00e7\u00f5es a m\u00e9dicos e pacientes.[\/vc_custom_heading][vc_empty_space empty_h=&#8221;3&#8243; desktop_visibility=&#8221;yes&#8221;][\/vc_column_inner][vc_column_inner column_width_percent=&#8221;100&#8243; position_horizontal=&#8221;left&#8221; gutter_size=&#8221;2&#8243; style=&#8221;dark&#8221; overlay_alpha=&#8221;0&#8243; shift_x=&#8221;0&#8243; shift_y=&#8221;0&#8243; shift_y_down=&#8221;0&#8243; z_index=&#8221;0&#8243; medium_visibility=&#8221;yes&#8221; medium_width=&#8221;0&#8243; mobile_visibility=&#8221;yes&#8221; mobile_width=&#8221;0&#8243; css_animation=&#8221;right-t-left&#8221; width=&#8221;1\/3&#8243;][uncode_counter value=&#8221;1.800&#8243; prefix=&#8221;+&#8221; counter_color=&#8221;color-xsdn&#8221; font=&#8221;font-195522&#8243; weight=&#8221;700&#8243; text=&#8221;Produtos presentes em todas as \u00e1reas terap\u00eauticas&#8221; css_animation=&#8221;alpha-anim&#8221; animation_delay=&#8221;500&#8243;][\/vc_column_inner][\/vc_row_inner][vc_separator css_animation=&#8221;alpha-anim&#8221; el_height=&#8221;3px&#8221;][vc_row_inner row_inner_height_percent=&#8221;0&#8243; overlay_alpha=&#8221;50&#8243; equal_height=&#8221;yes&#8221; gutter_size=&#8221;0&#8243; shift_y=&#8221;0&#8243; z_index=&#8221;0&#8243; el_class=&#8221;iconos-d11&#8243; limit_content=&#8221;&#8221;][vc_column_inner column_width_percent=&#8221;100&#8243; gutter_size=&#8221;2&#8243; style=&#8221;dark&#8221; overlay_alpha=&#8221;50&#8243; shift_x=&#8221;0&#8243; shift_y=&#8221;0&#8243; shift_y_down=&#8221;0&#8243; z_index=&#8221;0&#8243; medium_width=&#8221;0&#8243; mobile_width=&#8221;7&#8243; css_animation=&#8221;left-t-right&#8221; width=&#8221;1\/4&#8243;][vc_icon position=&#8221;left&#8221; title_aligned_icon=&#8221;yes&#8221; icon_image=&#8221;80223&#8243; media_size=&#8221;90&#8243; text_font=&#8221;font-195522&#8243; text_size=&#8221;&#8221; text_weight=&#8221;700&#8243; title=&#8221;24%&#8221;]M\u00e9dicos que receitam os nossos produtos[\/vc_icon][\/vc_column_inner][vc_column_inner column_width_percent=&#8221;100&#8243; gutter_size=&#8221;2&#8243; style=&#8221;dark&#8221; font_family=&#8221;font-202503&#8243; overlay_alpha=&#8221;10&#8243; shift_x=&#8221;0&#8243; shift_y=&#8221;0&#8243; shift_y_down=&#8221;0&#8243; z_index=&#8221;0&#8243; medium_width=&#8221;0&#8243; mobile_width=&#8221;7&#8243; css_animation=&#8221;left-t-right&#8221; width=&#8221;1\/4&#8243;][vc_icon position=&#8221;left&#8221; title_aligned_icon=&#8221;yes&#8221; icon_image=&#8221;80216&#8243; media_size=&#8221;90&#8243; text_font=&#8221;font-195522&#8243; text_size=&#8221;&#8221; text_weight=&#8221;700&#8243; title=&#8221;+ 1 M&#8221;]Receitas por m\u00eas[\/vc_icon][\/vc_column_inner][vc_column_inner column_width_percent=&#8221;100&#8243; gutter_size=&#8221;2&#8243; style=&#8221;dark&#8221; overlay_alpha=&#8221;50&#8243; shift_x=&#8221;0&#8243; shift_y=&#8221;0&#8243; shift_y_down=&#8221;0&#8243; z_index=&#8221;0&#8243; medium_width=&#8221;0&#8243; mobile_width=&#8221;7&#8243; css_animation=&#8221;left-t-right&#8221; width=&#8221;1\/4&#8243;][vc_icon position=&#8221;left&#8221; title_aligned_icon=&#8221;yes&#8221; icon_image=&#8221;80217&#8243; media_size=&#8221;90&#8243; text_font=&#8221;font-195522&#8243; text_size=&#8221;&#8221; text_weight=&#8221;700&#8243; title=&#8221;325 M&#8221;]Capacidade de produ\u00e7\u00e3o em unidade[\/vc_icon][\/vc_column_inner][vc_column_inner column_width_percent=&#8221;100&#8243; gutter_size=&#8221;2&#8243; style=&#8221;dark&#8221; overlay_alpha=&#8221;50&#8243; shift_x=&#8221;0&#8243; shift_y=&#8221;0&#8243; shift_y_down=&#8221;0&#8243; z_index=&#8221;0&#8243; medium_width=&#8221;0&#8243; mobile_width=&#8221;7&#8243; css_animation=&#8221;left-t-right&#8221; width=&#8221;1\/4&#8243;][vc_icon position=&#8221;left&#8221; title_aligned_icon=&#8221;yes&#8221; icon_image=&#8221;80224&#8243; media_size=&#8221;90&#8243; text_font=&#8221;font-195522&#8243; text_size=&#8221;&#8221; text_weight=&#8221;700&#8243; title=&#8221;N\u00b0 3&#8243;]Grupo farmac\u00eautico que gera mais prescri\u00e7\u00f5es[\/vc_icon][\/vc_column_inner][\/vc_row_inner][vc_empty_space empty_h=&#8221;5&#8243; desktop_visibility=&#8221;yes&#8221;][vc_column_text css_animation=&#8221;alpha-anim&#8221; animation_speed=&#8221;400&#8243; animation_delay=&#8221;700&#8243;]Close Up 2020, sem Leites, Brasil e Venezuela[\/vc_column_text][\/vc_column][\/vc_row][vc_row row_height_percent=&#8221;100&#8243; back_color=&#8221;color-jevc&#8221; overlay_color=&#8221;color-jevc&#8221; overlay_alpha=&#8221;100&#8243; gutter_size=&#8221;3&#8243; column_width_percent=&#8221;100&#8243; shift_y=&#8221;0&#8243; z_index=&#8221;0&#8243;][vc_column column_width_percent=&#8221;100&#8243; position_horizontal=&#8221;left&#8221; position_vertical=&#8221;middle&#8221; gutter_size=&#8221;0&#8243; style=&#8221;dark&#8221; overlay_alpha=&#8221;50&#8243; shift_x=&#8221;0&#8243; shift_y=&#8221;0&#8243; shift_y_down=&#8221;0&#8243; z_index=&#8221;0&#8243; align_medium=&#8221;align_center_tablet&#8221; medium_width=&#8221;0&#8243; align_mobile=&#8221;align_center_mobile&#8221; mobile_width=&#8221;0&#8243; width=&#8221;1\/1&#8243;][vc_custom_heading heading_semantic=&#8221;h1&#8243; text_size=&#8221;h1&#8243; text_weight=&#8221;600&#8243;]<\/p>\n<p style=\"text-align: left;\">Filosofia da Megalabs<\/p>\n<p>[\/vc_custom_heading][vc_empty_space empty_h=&#8221;2&#8243;][vc_single_image media=&#8221;82235&#8243; caption=&#8221;yes&#8221; media_lightbox=&#8221;yes&#8221; media_width_percent=&#8221;85&#8243; alignment=&#8221;center&#8221; advanced=&#8221;yes&#8221; media_items=&#8221;media|poster,icon&#8221; media_overlay_color=&#8221;color-wayh&#8221; media_overlay_opacity=&#8221;50&#8243; media_overlay_visible=&#8221;yes&#8221; media_image_anim=&#8221;no&#8221; media_h_align=&#8221;center&#8221; media_padding=&#8221;2&#8243; media_icon=&#8221;fa fa-play&#8221; media_link=&#8221;|||&#8221;][\/vc_column][\/vc_row][vc_row unlock_row_content=&#8221;yes&#8221; row_height_percent=&#8221;100&#8243; back_color=&#8221;color-xsdn&#8221; overlay_alpha=&#8221;95&#8243; gutter_size=&#8221;3&#8243; column_width_percent=&#8221;100&#8243; shift_y=&#8221;0&#8243; z_index=&#8221;0&#8243;][vc_column column_width_percent=&#8221;100&#8243; position_vertical=&#8221;middle&#8221; gutter_size=&#8221;4&#8243; style=&#8221;dark&#8221; overlay_alpha=&#8221;50&#8243; shift_x=&#8221;0&#8243; shift_y=&#8221;0&#8243; shift_y_down=&#8221;0&#8243; z_index=&#8221;0&#8243; medium_width=&#8221;0&#8243; mobile_width=&#8221;0&#8243; width=&#8221;1\/1&#8243;][vc_row_inner row_inner_height_percent=&#8221;0&#8243; overlay_alpha=&#8221;50&#8243; gutter_size=&#8221;4&#8243; shift_y=&#8221;0&#8243; z_index=&#8221;0&#8243; limit_content=&#8221;&#8221;][vc_column_inner column_width_percent=&#8221;100&#8243; position_vertical=&#8221;bottom&#8221; align_horizontal=&#8221;align_center&#8221; gutter_size=&#8221;3&#8243; style=&#8221;dark&#8221; font_family=&#8221;font-195522&#8243; overlay_alpha=&#8221;50&#8243; shift_x=&#8221;0&#8243; shift_y=&#8221;0&#8243; shift_y_down=&#8221;0&#8243; z_index=&#8221;0&#8243; medium_width=&#8221;0&#8243; mobile_width=&#8221;0&#8243; css_animation=&#8221;right-t-left&#8221; width=&#8221;1\/1&#8243;][vc_custom_heading text_font=&#8221;font-195522&#8243; text_size=&#8221;&#8221; text_weight=&#8221;700&#8243; text_color=&#8221;color-877404&#8243;]A Megalabs em imagens[\/vc_custom_heading][\/vc_column_inner][\/vc_row_inner][vc_gallery el_id=&#8221;gallery-182507&#8243; type=&#8221;carousel&#8221; random=&#8221;yes&#8221; medias=&#8221;81021,81033,81023,81022,81024,81034,81020,81026,81040,81019,81029,81017,81025,81032,81028,81018,81037,81030,81038,81035,81031,81036,81027&#8243; carousel_lg=&#8221;3&#8243; carousel_md=&#8221;3&#8243; carousel_sm=&#8221;1&#8243; gutter_size=&#8221;2&#8243; media_items=&#8221;media|lightbox|original,icon,description,caption&#8221; carousel_interval=&#8221;3000&#8243; carousel_navspeed=&#8221;400&#8243; carousel_nav=&#8221;yes&#8221; carousel_dots=&#8221;yes&#8221; carousel_dots_mobile=&#8221;yes&#8221; carousel_dots_inside=&#8221;yes&#8221; carousel_dot_padding=&#8221;2&#8243; stage_padding=&#8221;0&#8243; single_overlay_opacity=&#8221;50&#8243; single_text_anim_type=&#8221;btt&#8221; single_image_anim=&#8221;no&#8221; single_h_align=&#8221;center&#8221; single_padding=&#8221;2&#8243; single_title_dimension=&#8221;h1&#8243; single_icon=&#8221;fa fa-search&#8221; single_border=&#8221;yes&#8221; single_css_animation=&#8221;bottom-t-top&#8221; single_animation_delay=&#8221;200&#8243; lbox_caption=&#8221;yes&#8221; lbox_no_arrows=&#8221;yes&#8221; items=&#8221;eyI4MTAyMV9pIjp7InNpbmdsZV9oZWlnaHQiOiIyIn0sIjgxMDMzX2kiOnsic2luZ2xlX2hlaWdodCI6IjIifSwiODEwMjNfaSI6eyJzaW5nbGVfaGVpZ2h0IjoiMiJ9LCI4MTAyMl9pIjp7InNpbmdsZV9oZWlnaHQiOiIyIn0sIjgxMDI0X2kiOnsic2luZ2xlX2hlaWdodCI6IjIifSwiODEwMzRfaSI6eyJzaW5nbGVfaGVpZ2h0IjoiMiJ9LCI4MTAyMF9pIjp7InNpbmdsZV9oZWlnaHQiOiIyIn0sIjgxMDI2X2kiOnsic2luZ2xlX2hlaWdodCI6IjIifX0=&#8221;][\/vc_column][\/vc_row]<\/p>\n<\/div>","protected":false},"excerpt":{"rendered":"<p>[vc_row row_height_percent=&#8221;100&#8243; back_color=&#8221;color-877404&#8243; back_image=&#8221;81357&#8243; back_position=&#8221;center bottom&#8221; kburns=&#8221;yes&#8221; overlay_alpha=&#8221;0&#8243; gutter_size=&#8221;2&#8243; column_width_percent=&#8221;100&#8243; shift_y=&#8221;0&#8243; z_index=&#8221;0&#8243;][vc_column column_width_percent=&#8221;100&#8243; position_vertical=&#8221;middle&#8221; gutter_size=&#8221;2&#8243; style=&#8221;dark&#8221; overlay_alpha=&#8221;50&#8243; shift_x=&#8221;0&#8243; shift_y=&#8221;0&#8243; shift_y_down=&#8221;0&#8243; [&hellip;]<\/p>\n","protected":false},"author":1,"featured_media":80749,"parent":0,"menu_order":0,"comment_status":"closed","ping_status":"closed","template":"","meta":{"footnotes":""},"class_list":["post-80182","page","type-page","status-publish","has-post-thumbnail","hentry"],"_links":{"self":[{"href":"https:\/\/megalabs.global\/por\/wp-json\/wp\/v2\/pages\/80182","targetHints":{"allow":["GET"]}}],"collection":[{"href":"https:\/\/megalabs.global\/por\/wp-json\/wp\/v2\/pages"}],"about":[{"href":"https:\/\/megalabs.global\/por\/wp-json\/wp\/v2\/types\/page"}],"author":[{"embeddable":true,"href":"https:\/\/megalabs.global\/por\/wp-json\/wp\/v2\/users\/1"}],"replies":[{"embeddable":true,"href":"https:\/\/megalabs.global\/por\/wp-json\/wp\/v2\/comments?post=80182"}],"version-history":[{"count":4,"href":"https:\/\/megalabs.global\/por\/wp-json\/wp\/v2\/pages\/80182\/revisions"}],"predecessor-version":[{"id":84037,"href":"https:\/\/megalabs.global\/por\/wp-json\/wp\/v2\/pages\/80182\/revisions\/84037"}],"wp:featuredmedia":[{"embeddable":true,"href":"https:\/\/megalabs.global\/por\/wp-json\/wp\/v2\/media\/80749"}],"wp:attachment":[{"href":"https:\/\/megalabs.global\/por\/wp-json\/wp\/v2\/media?parent=80182"}],"curies":[{"name":"wp","href":"https:\/\/api.w.org\/{rel}","templated":true}]}}