{"id":81421,"date":"2020-01-29T20:15:45","date_gmt":"2020-01-29T23:15:45","guid":{"rendered":"https:\/\/megalabs.global\/por\/?page_id=81421"},"modified":"2020-01-31T18:56:23","modified_gmt":"2020-01-31T21:56:23","slug":"unete","status":"publish","type":"page","link":"https:\/\/megalabs.global\/por\/unete\/","title":{"rendered":"\u00danete"},"content":{"rendered":"<div class=\"wpb-content-wrapper\"><p>[vc_row unlock_row_content=&#8221;yes&#8221; row_height_percent=&#8221;0&#8243; override_padding=&#8221;yes&#8221; h_padding=&#8221;0&#8243; top_padding=&#8221;0&#8243; bottom_padding=&#8221;0&#8243; back_color=&#8221;color-xsdn&#8221; overlay_alpha=&#8221;100&#8243; gutter_size=&#8221;100&#8243; column_width_percent=&#8221;100&#8243; shift_y=&#8221;0&#8243; z_index=&#8221;0&#8243; style=&#8221;inherited&#8221; css=&#8221;.vc_custom_1580340555173{margin-top: 20px !important;}&#8221; el_id=&#8221;contacto-estilo&#8221;][vc_column column_width_use_pixel=&#8221;yes&#8221; gutter_size=&#8221;4&#8243; override_padding=&#8221;yes&#8221; column_padding=&#8221;3&#8243; overlay_alpha=&#8221;100&#8243; shift_x=&#8221;0&#8243; shift_y=&#8221;0&#8243; shift_y_down=&#8221;0&#8243; z_index=&#8221;0&#8243; medium_width=&#8221;100&#8243; mobile_width=&#8221;0&#8243; zoom_width=&#8221;0&#8243; zoom_height=&#8221;0&#8243; width=&#8221;1\/4&#8243; column_width_pixel=&#8221;1000&#8243;][vc_custom_heading heading_semantic=&#8221;h3&#8243; text_font=&#8221;font-195522&#8243; text_size=&#8221;h1&#8243; text_weight=&#8221;700&#8243; text_color=&#8221;color-877404&#8243;]\u00danete al Equipo[\/vc_custom_heading][\/vc_column][vc_column column_width_percent=&#8221;100&#8243; gutter_size=&#8221;3&#8243; override_padding=&#8221;yes&#8221; column_padding=&#8221;0&#8243; font_family=&#8221;font-195522&#8243; overlay_alpha=&#8221;50&#8243; shift_x=&#8221;0&#8243; shift_y=&#8221;0&#8243; shift_y_down=&#8221;0&#8243; z_index=&#8221;0&#8243; medium_width=&#8221;0&#8243; mobile_width=&#8221;0&#8243; width=&#8221;2\/4&#8243; css=&#8221;.vc_custom_1574820865280{border-right-width: 0px !important;border-left-width: 0px !important;padding-top: 50px !important;padding-right: 0px !important;padding-bottom: 50px !important;padding-left: 0px !important;}&#8221; el_class=&#8221;form-megalabs&#8221;]\n<div class=\"wpcf7 no-js\" id=\"wpcf7-f81280-o1\" lang=\"en-US\" dir=\"ltr\" data-wpcf7-id=\"81280\">\n<div class=\"screen-reader-response\"><p role=\"status\" aria-live=\"polite\" aria-atomic=\"true\"><\/p> <ul><\/ul><\/div>\n<form action=\"\/por\/wp-json\/wp\/v2\/pages\/81421#wpcf7-f81280-o1\" method=\"post\" class=\"wpcf7-form init\" aria-label=\"Contact form\" enctype=\"multipart\/form-data\" novalidate=\"novalidate\" data-status=\"init\">\n<fieldset class=\"hidden-fields-container\"><input type=\"hidden\" name=\"_wpcf7\" value=\"81280\" \/><input type=\"hidden\" name=\"_wpcf7_version\" value=\"6.1.4\" \/><input type=\"hidden\" name=\"_wpcf7_locale\" value=\"en_US\" \/><input type=\"hidden\" name=\"_wpcf7_unit_tag\" value=\"wpcf7-f81280-o1\" \/><input type=\"hidden\" name=\"_wpcf7_container_post\" value=\"0\" \/><input type=\"hidden\" name=\"_wpcf7_posted_data_hash\" value=\"\" \/>\n<\/fieldset>\n<div class=\"wpcf7-inline-wrapper\">\n\t<p class=\"wpcf7-inline-field\"><span class=\"wpcf7-form-control-wrap\" data-name=\"your-nombre\"><input size=\"40\" maxlength=\"400\" class=\"wpcf7-form-control wpcf7-text wpcf7-validates-as-required form-fluid\" aria-required=\"true\" aria-invalid=\"false\" placeholder=\"Nome\" value=\"\" type=\"text\" name=\"your-nombre\" \/><\/span>\n\t<\/p>\n\t<p class=\"wpcf7-inline-field\"><span class=\"wpcf7-form-control-wrap\" data-name=\"your-apellido\"><input size=\"40\" maxlength=\"400\" class=\"wpcf7-form-control wpcf7-text wpcf7-validates-as-required form-fluid\" aria-required=\"true\" aria-invalid=\"false\" placeholder=\"Sobrenome\" value=\"\" type=\"text\" name=\"your-apellido\" \/><\/span>\n\t<\/p>\n<\/div>\n<div class=\"wpcf7-inline-wrapper\">\n\t<p class=\"wpcf7-inline-field\"><span class=\"wpcf7-form-control-wrap\" data-name=\"your-documento\"><input size=\"40\" maxlength=\"400\" class=\"wpcf7-form-control wpcf7-text wpcf7-validates-as-required form-fluid\" aria-required=\"true\" aria-invalid=\"false\" placeholder=\"Documento\/Pasaporte\" value=\"\" type=\"text\" name=\"your-documento\" \/><\/span>\n\t<\/p>\n\t<p class=\"wpcf7-inline-field\"><span class=\"wpcf7-form-control-wrap\" data-name=\"your-area\"><input size=\"40\" maxlength=\"400\" class=\"wpcf7-form-control wpcf7-text wpcf7-validates-as-required form-fluid\" aria-required=\"true\" aria-invalid=\"false\" placeholder=\"\u00c1rea de Inter\u00e9s\" value=\"\" type=\"text\" name=\"your-area\" \/><\/span>\n\t<\/p>\n<\/div>\n<p><span class=\"wpcf7-form-control-wrap\" data-name=\"your-mensaje\"><textarea cols=\"40\" rows=\"8\" maxlength=\"2000\" class=\"wpcf7-form-control wpcf7-textarea\" aria-invalid=\"false\" placeholder=\"Mensagem\" name=\"your-mensaje\"><\/textarea><\/span>\n<\/p>\n<p><span class=\"wpcf7-form-control-wrap\" data-name=\"your-file\"><input size=\"40\" class=\"wpcf7-form-control wpcf7-file attach-mega\" id=\"adjuntomega\" accept=\".pdf,.txt\" aria-invalid=\"false\" type=\"file\" name=\"your-file\" \/><\/span>\n<\/p>\n<p><input class=\"wpcf7-form-control wpcf7-submit has-spinner btn btn-accent btn-circle btn-unete\" type=\"submit\" value=\"Enviar\" \/>\n<\/p><div class=\"wpcf7-response-output\" aria-hidden=\"true\"><\/div>\n<\/form>\n<\/div>\n[vc_custom_heading heading_semantic=&#8221;p&#8221; text_font=&#8221;font-195522&#8243; text_size=&#8221;&#8221; text_weight=&#8221;400&#8243; el_class=&#8221;parrafo-contacto&#8221;]La informaci\u00f3n ingresada en este formulario podr\u00e1 ser modificada o eliminada en caso de ser solicitado expl\u00edcitamente por el emisor.[\/vc_custom_heading][\/vc_column][vc_column width=&#8221;1\/4&#8243;][\/vc_column][\/vc_row]<\/p>\n<\/div>","protected":false},"excerpt":{"rendered":"<p>[vc_row unlock_row_content=&#8221;yes&#8221; row_height_percent=&#8221;0&#8243; override_padding=&#8221;yes&#8221; h_padding=&#8221;0&#8243; top_padding=&#8221;0&#8243; bottom_padding=&#8221;0&#8243; back_color=&#8221;color-xsdn&#8221; overlay_alpha=&#8221;100&#8243; gutter_size=&#8221;100&#8243; column_width_percent=&#8221;100&#8243; shift_y=&#8221;0&#8243; z_index=&#8221;0&#8243; style=&#8221;inherited&#8221; css=&#8221;.vc_custom_1580340555173{margin-top: 20px !important;}&#8221; el_id=&#8221;contacto-estilo&#8221;][vc_column column_width_use_pixel=&#8221;yes&#8221; gutter_size=&#8221;4&#8243; [&hellip;]<\/p>\n","protected":false},"author":1,"featured_media":0,"parent":0,"menu_order":0,"comment_status":"closed","ping_status":"closed","template":"","meta":{"footnotes":""},"class_list":["post-81421","page","type-page","status-publish","hentry"],"_links":{"self":[{"href":"https:\/\/megalabs.global\/por\/wp-json\/wp\/v2\/pages\/81421","targetHints":{"allow":["GET"]}}],"collection":[{"href":"https:\/\/megalabs.global\/por\/wp-json\/wp\/v2\/pages"}],"about":[{"href":"https:\/\/megalabs.global\/por\/wp-json\/wp\/v2\/types\/page"}],"author":[{"embeddable":true,"href":"https:\/\/megalabs.global\/por\/wp-json\/wp\/v2\/users\/1"}],"replies":[{"embeddable":true,"href":"https:\/\/megalabs.global\/por\/wp-json\/wp\/v2\/comments?post=81421"}],"version-history":[{"count":0,"href":"https:\/\/megalabs.global\/por\/wp-json\/wp\/v2\/pages\/81421\/revisions"}],"wp:attachment":[{"href":"https:\/\/megalabs.global\/por\/wp-json\/wp\/v2\/media?parent=81421"}],"curies":[{"name":"wp","href":"https:\/\/api.w.org\/{rel}","templated":true}]}}