{"id":82154,"date":"2020-02-13T12:18:48","date_gmt":"2020-02-13T15:18:48","guid":{"rendered":"https:\/\/megalabs.global\/por\/?page_id=82154"},"modified":"2020-05-30T14:59:11","modified_gmt":"2020-05-30T17:59:11","slug":"terminosycondiciones","status":"publish","type":"page","link":"https:\/\/megalabs.global\/por\/terminosycondiciones\/","title":{"rendered":"Termos e Condi\u00e7\u00f5es de Uso"},"content":{"rendered":"<div class=\"wpb-content-wrapper\"><p>[vc_row unlock_row_content=&#8221;yes&#8221; row_height_percent=&#8221;0&#8243; overlay_alpha=&#8221;50&#8243; gutter_size=&#8221;3&#8243; column_width_percent=&#8221;100&#8243; shift_y=&#8221;0&#8243; z_index=&#8221;0&#8243;][vc_column width=&#8221;1\/3&#8243;][vc_custom_heading heading_semantic=&#8221;h3&#8243; text_font=&#8221;font-195522&#8243; text_size=&#8221;h1&#8243; text_weight=&#8221;700&#8243; text_color=&#8221;color-877404&#8243;]Termos e Condi\u00e7\u00f5es de Uso[\/vc_custom_heading][\/vc_column][vc_column column_width_percent=&#8221;62&#8243; position_horizontal=&#8221;left&#8221; gutter_size=&#8221;2&#8243; overlay_alpha=&#8221;50&#8243; shift_x=&#8221;0&#8243; shift_y=&#8221;0&#8243; shift_y_down=&#8221;0&#8243; z_index=&#8221;0&#8243; medium_width=&#8221;0&#8243; mobile_width=&#8221;0&#8243; width=&#8221;2\/3&#8243;][vc_row_inner limit_content=&#8221;&#8221;][vc_column_inner column_width_percent=&#8221;100&#8243; position_horizontal=&#8221;right&#8221; gutter_size=&#8221;1&#8243; overlay_alpha=&#8221;50&#8243; shift_x=&#8221;0&#8243; shift_y=&#8221;0&#8243; shift_y_down=&#8221;0&#8243; z_index=&#8221;0&#8243; medium_width=&#8221;0&#8243; mobile_width=&#8221;0&#8243; width=&#8221;1\/1&#8243;][vc_custom_heading heading_semantic=&#8221;h4&#8243; text_size=&#8221;h4&#8243; text_weight=&#8221;200&#8243;]A partir do momento em que voc\u00ea acessar a p\u00e1gina www.megalabs.global (doravante, o &#8220;Site&#8221;), voc\u00ea estar\u00e1 sujeito aos seguintes termos e condi\u00e7\u00f5es descritos abaixo: O acesso e\/ou uso do Site atribui a quem o acessar a condi\u00e7\u00e3o de usu\u00e1rio, aceitando e aderindo, a partir desse momento, totalmente e sem nenhuma reserva, a cada um dos termos e \u00e0s presentes Condi\u00e7\u00f5es Gerais, bem como \u00e0s condi\u00e7\u00f5es particulares que, se for o caso, complementem, modifiquem ou substituam as Condi\u00e7\u00f5es Gerais, quando isso ocorrer, em rela\u00e7\u00e3o a todos os servi\u00e7os e conte\u00fados do Site. Se n\u00e3o quiser cumprir esses termos, pedimos que voc\u00ea n\u00e3o acesse o Site.[\/vc_custom_heading][\/vc_column_inner][\/vc_row_inner][vc_row_inner limit_content=&#8221;&#8221;][vc_column_inner column_width_percent=&#8221;100&#8243; position_horizontal=&#8221;right&#8221; gutter_size=&#8221;1&#8243; overlay_alpha=&#8221;50&#8243; shift_x=&#8221;0&#8243; shift_y=&#8221;0&#8243; shift_y_down=&#8221;0&#8243; z_index=&#8221;0&#8243; medium_width=&#8221;0&#8243; mobile_width=&#8221;0&#8243; width=&#8221;1\/1&#8243;][vc_custom_heading heading_semantic=&#8221;h4&#8243; text_size=&#8221;h4&#8243; text_weight=&#8221;300&#8243; text_color=&#8221;accent&#8221;]ARTIGO 1: USO DO SITE, SEUS SERVI\u00c7OS E CONTE\u00daDOS[\/vc_custom_heading][\/vc_column_inner][\/vc_row_inner][vc_row_inner limit_content=&#8221;&#8221;][vc_column_inner column_width_percent=&#8221;100&#8243; position_horizontal=&#8221;right&#8221; gutter_size=&#8221;1&#8243; overlay_alpha=&#8221;50&#8243; shift_x=&#8221;0&#8243; shift_y=&#8221;0&#8243; shift_y_down=&#8221;0&#8243; z_index=&#8221;0&#8243; medium_width=&#8221;0&#8243; mobile_width=&#8221;0&#8243; width=&#8221;1\/1&#8243;][vc_custom_heading heading_semantic=&#8221;h5&#8243; text_size=&#8221;h5&#8243; text_weight=&#8221;200&#8243;]<\/p>\n<p lang=\"pt-BR\"><span style=\"font-family: Calibri, serif;\">1.1. O acesso a qualquer p\u00e1gina do Site constitui o consentimento do usu\u00e1rio que estiver utilizando o Site e seus servi\u00e7os e conte\u00fados sem violar a legisla\u00e7\u00e3o vigente, de boa-f\u00e9, conforme os usos geralmente aceitos e a ordem p\u00fablica, a moral e os bons costumes. Al\u00e9m disso, \u00e9 proibido usar o Site para finalidades il\u00edcitas ou que prejudiquem o Site ou qualquer terceiro, ou que de alguma forma possam causar preju\u00edzos ou impedir o funcionamento normal do Site.<\/span><\/p>\n<p lang=\"pt-BR\"><span style=\"font-family: Calibri, serif;\">1.2 As informa\u00e7\u00f5es publicadas aqui s\u00e3o apenas para fins informativos, sendo que a Mega Labs S.A. n\u00e3o oferece nenhuma garantia nem assume nenhuma responsabilidade em rela\u00e7\u00e3o \u00e0 exatid\u00e3o ou integridade dessas informa\u00e7\u00f5es. Essas informa\u00e7\u00f5es n\u00e3o poder\u00e3o ser consideradas como um conselho m\u00e9dico por parte da Mega Labs S.A. e n\u00e3o podem ser utilizadas pelos usu\u00e1rios para diagnosticar ou tratar de uma doen\u00e7a, pois elas de forma alguma substituem o diagn\u00f3stico, assessoria ou conselho m\u00e9dico.<\/span><\/p>\n<p lang=\"pt-BR\"><span style=\"font-family: Calibri, serif;\">1.3. Em rela\u00e7\u00e3o aos conte\u00fados (informa\u00e7\u00f5es, textos, gr\u00e1ficos, arquivos de \u00e1udio e\/ou imagem, fotografias, designs e qualquer outra informa\u00e7\u00e3o dispon\u00edvel no Site), s\u00e3o expressamente proibidas:<\/span><\/p>\n<p lang=\"pt-BR\"><span style=\"font-family: Calibri, serif;\">1.3.1. Sua reprodu\u00e7\u00e3o, distribui\u00e7\u00e3o ou modifica\u00e7\u00e3o, a menos que voc\u00ea obtenha a autoriza\u00e7\u00e3o de seus leg\u00edtimos titulares ou que seja permitido por lei.<\/span><\/p>\n<p lang=\"pt-BR\"><span style=\"font-family: Calibri, serif;\">1.3.2. Qualquer viola\u00e7\u00e3o dos direitos do Site ou de seus leg\u00edtimos titulares em rela\u00e7\u00e3o a esses direitos.<\/span><\/p>\n<p lang=\"pt-BR\"><span style=\"font-family: Calibri, serif;\">1.3.3. Sua utiliza\u00e7\u00e3o para qualquer finalidade comercial ou publicit\u00e1ria diferente das estritamente permitidas.<\/span><\/p>\n<p lang=\"pt-BR\"><span style=\"font-family: Calibri, serif;\">1.3.4. Qualquer tentativa de obter os conte\u00fados do Site por qualquer meio diferente dos disponibilizados aos usu\u00e1rios, bem como os que s\u00e3o utilizados normalmente na rede, desde que n\u00e3o tragam nenhum preju\u00edzo ao Site.<\/span><\/p>\n<p lang=\"pt-BR\"><span style=\"font-family: Calibri, serif;\">1.4. As informa\u00e7\u00f5es publicadas aqui est\u00e3o sujeitas a uma variedade de incertezas e, portanto, os resultados reais podem divergir do que foi estabelecido neste Site.<\/span><\/p>\n<p lang=\"pt-BR\"><span style=\"font-family: Calibri, serif;\">1.5. As informa\u00e7\u00f5es publicadas aqui n\u00e3o constituem uma oferta ou solicita\u00e7\u00e3o de qualquer tipo de negocia\u00e7\u00e3o ou opera\u00e7\u00e3o sobre a\u00e7\u00f5es ou qualquer bem da Mega Labs S.A., e, portanto, qualquer interessado n\u00e3o pode se basear nelas para tomar decis\u00f5es de investimento.<\/span><\/p>\n<p>[\/vc_custom_heading][\/vc_column_inner][\/vc_row_inner][vc_row_inner limit_content=&#8221;&#8221;][vc_column_inner column_width_percent=&#8221;100&#8243; position_horizontal=&#8221;right&#8221; gutter_size=&#8221;1&#8243; overlay_alpha=&#8221;50&#8243; shift_x=&#8221;0&#8243; shift_y=&#8221;0&#8243; shift_y_down=&#8221;0&#8243; z_index=&#8221;0&#8243; medium_width=&#8221;0&#8243; mobile_width=&#8221;0&#8243; width=&#8221;1\/1&#8243;][vc_custom_heading heading_semantic=&#8221;h4&#8243; text_size=&#8221;h4&#8243; text_weight=&#8221;300&#8243; text_color=&#8221;accent&#8221;]<\/p>\n<p align=\"LEFT\">ARTIGO 2: RESPONSABILIDADE DO USU\u00c1RIO POR DANOS E PREJU\u00cdZOS<\/p>\n<p>[\/vc_custom_heading][\/vc_column_inner][\/vc_row_inner][vc_row_inner limit_content=&#8221;&#8221;][vc_column_inner column_width_percent=&#8221;100&#8243; position_horizontal=&#8221;right&#8221; gutter_size=&#8221;1&#8243; overlay_alpha=&#8221;50&#8243; shift_x=&#8221;0&#8243; shift_y=&#8221;0&#8243; shift_y_down=&#8221;0&#8243; z_index=&#8221;0&#8243; medium_width=&#8221;0&#8243; mobile_width=&#8221;0&#8243; width=&#8221;1\/1&#8243;][vc_custom_heading heading_semantic=&#8221;h5&#8243; text_size=&#8221;h5&#8243; text_weight=&#8221;200&#8243;]<\/p>\n<p lang=\"pt-BR\"><span style=\"font-family: Calibri, serif;\">O uso do Site deve ser realizado sob responsabilidade \u00fanica e exclusiva do usu\u00e1rio, que responder\u00e1 pelos danos e preju\u00edzos de qualquer natureza que a Mega Labs S.A. ou este Site possam vir a sofrer como consequ\u00eancia do descumprimento de qualquer uma das obriga\u00e7\u00f5es que o usu\u00e1rio assume ao aceitar os Termos e Condi\u00e7\u00f5es estabelecidos aqui.<\/span><\/p>\n<p lang=\"pt-BR\"><span style=\"font-family: Calibri, serif;\">Cada usu\u00e1rio compromete-se a indenizar e isentar a Mega Labs S.A. ou qualquer um de seus dependentes contra qualquer perda, custo ou dano decorrente de qualquer viola\u00e7\u00e3o das leis e normas cab\u00edveis, ou de qualquer um dos Termos e Condi\u00e7\u00f5es Gerais ou particulares estabelecidos aqui. Essa responsabilidade estender-se-\u00e1 ao uso, por parte do usu\u00e1rio ou de qualquer terceiro, de qualquer senha ou similar designada para o acesso ao Site ou a qualquer um de seus servi\u00e7os.<\/span><\/p>\n<p><a name=\"_GoBack\"><\/a><span style=\"font-family: Calibri, serif;\"><span lang=\"pt-BR\">Sem preju\u00edzo do anterior, o Site reserva-se o direito de recusar, a qualquer momento e sem a necessidade de aviso pr\u00e9vio, o acesso ao Site aos usu\u00e1rios que descumprirem estas condi\u00e7\u00f5es gerais ou as condi\u00e7\u00f5es particulares que lhes forem aplic\u00e1veis, dependendo do caso.<\/span><\/span>[\/vc_custom_heading][\/vc_column_inner][\/vc_row_inner][vc_row_inner limit_content=&#8221;&#8221;][vc_column_inner column_width_percent=&#8221;100&#8243; position_horizontal=&#8221;right&#8221; gutter_size=&#8221;1&#8243; overlay_alpha=&#8221;50&#8243; shift_x=&#8221;0&#8243; shift_y=&#8221;0&#8243; shift_y_down=&#8221;0&#8243; z_index=&#8221;0&#8243; medium_width=&#8221;0&#8243; mobile_width=&#8221;0&#8243; width=&#8221;1\/1&#8243;][vc_custom_heading heading_semantic=&#8221;h4&#8243; text_size=&#8221;h4&#8243; text_weight=&#8221;300&#8243; text_color=&#8221;accent&#8221;]<\/p>\n<p align=\"LEFT\">ARTIGO 3: MODIFICA\u00c7\u00c3O UNILATERAL<\/p>\n<p>[\/vc_custom_heading][\/vc_column_inner][\/vc_row_inner][vc_row_inner limit_content=&#8221;&#8221;][vc_column_inner column_width_percent=&#8221;100&#8243; position_horizontal=&#8221;right&#8221; gutter_size=&#8221;1&#8243; overlay_alpha=&#8221;50&#8243; shift_x=&#8221;0&#8243; shift_y=&#8221;0&#8243; shift_y_down=&#8221;0&#8243; z_index=&#8221;0&#8243; medium_width=&#8221;0&#8243; mobile_width=&#8221;0&#8243; width=&#8221;1\/1&#8243;][vc_custom_heading heading_semantic=&#8221;h5&#8243; text_size=&#8221;h5&#8243; text_weight=&#8221;200&#8243;]<\/p>\n<p lang=\"pt-BR\"><span style=\"font-family: Calibri, serif;\">A Mega Labs S.A. reserva-se o direito de modificar, unilateralmente e sem aviso pr\u00e9vio, os termos e condi\u00e7\u00f5es de uso deste Site, que entram em vigor a partir de sua publica\u00e7\u00e3o aqui, bem como de modificar ou eliminar os servi\u00e7os, conte\u00fados e condi\u00e7\u00f5es de acesso e\/ou uso do Site.<\/span><\/p>\n<p>[\/vc_custom_heading][\/vc_column_inner][\/vc_row_inner][vc_row_inner limit_content=&#8221;&#8221;][vc_column_inner column_width_percent=&#8221;100&#8243; position_horizontal=&#8221;right&#8221; gutter_size=&#8221;1&#8243; overlay_alpha=&#8221;50&#8243; shift_x=&#8221;0&#8243; shift_y=&#8221;0&#8243; shift_y_down=&#8221;0&#8243; z_index=&#8221;0&#8243; medium_width=&#8221;0&#8243; mobile_width=&#8221;0&#8243; width=&#8221;1\/1&#8243;][vc_custom_heading heading_semantic=&#8221;h4&#8243; text_size=&#8221;h4&#8243; text_weight=&#8221;300&#8243; text_color=&#8221;accent&#8221;]<\/p>\n<p align=\"LEFT\">ARTIGO 4: HIPERLINKS<\/p>\n<p>[\/vc_custom_heading][\/vc_column_inner][\/vc_row_inner][vc_row_inner limit_content=&#8221;&#8221;][vc_column_inner column_width_percent=&#8221;100&#8243; position_horizontal=&#8221;right&#8221; gutter_size=&#8221;1&#8243; overlay_alpha=&#8221;50&#8243; shift_x=&#8221;0&#8243; shift_y=&#8221;0&#8243; shift_y_down=&#8221;0&#8243; z_index=&#8221;0&#8243; medium_width=&#8221;0&#8243; mobile_width=&#8221;0&#8243; width=&#8221;1\/1&#8243;][vc_custom_heading heading_semantic=&#8221;h5&#8243; text_size=&#8221;h5&#8243; text_weight=&#8221;200&#8243;]<\/p>\n<p lang=\"pt-BR\"><span style=\"font-family: Calibri, serif;\">O estabelecimento de qualquer &#8220;hiperlink&#8221; entre uma p\u00e1gina de outro portal e qualquer uma das p\u00e1ginas do Site estar\u00e1 submetido \u00e0s seguintes condi\u00e7\u00f5es:<\/span><\/p>\n<p lang=\"pt-BR\"><span style=\"font-family: Calibri, serif;\">4.1. N\u00e3o \u00e9 permitida a reprodu\u00e7\u00e3o total ou parcial de nenhum dos servi\u00e7os ou conte\u00fados do Site.<\/span><\/p>\n<p lang=\"pt-BR\"><span style=\"font-family: Calibri, serif;\">4.2. N\u00e3o devem ser estabelecidos deep links para as p\u00e1ginas do Site ou suas se\u00e7\u00f5es ou servi\u00e7os, nem se deve criar um navegador ou uma navega\u00e7\u00e3o parcializada sobre essas p\u00e1ginas.<\/span><\/p>\n<p lang=\"pt-BR\"><span style=\"font-family: Calibri, serif;\">4.3. N\u00e3o se deve incluir nenhuma manifesta\u00e7\u00e3o falsa, inexata ou incorreta sobre as p\u00e1ginas do Site e os servi\u00e7os, e, em particular, exceto pelos elementos que fazem parte do mesmo &#8220;hiperlink&#8221; para a p\u00e1gina que n\u00e3o sejam do Site, onde o &#8220;hiperlink&#8221; for estabelecido, n\u00e3o deve haver nenhuma marca, nome comercial, r\u00f3tulo, denomina\u00e7\u00e3o, logotipo, slogan ou outros elementos distintivos que perten\u00e7am ao Site.<\/span><\/p>\n<p lang=\"pt-BR\"><span style=\"font-family: Calibri, serif;\">4.4. O Site nunca se responsabilizar\u00e1 pelos conte\u00fados ou servi\u00e7os disponibilizados ao p\u00fablico no Site onde for inserido o &#8220;hiperlink&#8221; para as informa\u00e7\u00f5es e manifesta\u00e7\u00f5es inclusas nele.<\/span><\/p>\n<p>[\/vc_custom_heading][\/vc_column_inner][\/vc_row_inner][vc_row_inner limit_content=&#8221;&#8221;][vc_column_inner column_width_percent=&#8221;100&#8243; position_horizontal=&#8221;right&#8221; gutter_size=&#8221;1&#8243; overlay_alpha=&#8221;50&#8243; shift_x=&#8221;0&#8243; shift_y=&#8221;0&#8243; shift_y_down=&#8221;0&#8243; z_index=&#8221;0&#8243; medium_width=&#8221;0&#8243; mobile_width=&#8221;0&#8243; width=&#8221;1\/1&#8243;][vc_custom_heading heading_semantic=&#8221;h4&#8243; text_size=&#8221;h4&#8243; text_weight=&#8221;300&#8243; text_color=&#8221;accent&#8221;]<\/p>\n<p align=\"LEFT\">ARTIGO 5: EXCLUS\u00c3O DE GARANTIAS E RESPONSABILIDADE<\/p>\n<p>[\/vc_custom_heading][\/vc_column_inner][\/vc_row_inner][vc_row_inner limit_content=&#8221;&#8221;][vc_column_inner column_width_percent=&#8221;100&#8243; position_horizontal=&#8221;right&#8221; gutter_size=&#8221;1&#8243; overlay_alpha=&#8221;50&#8243; shift_x=&#8221;0&#8243; shift_y=&#8221;0&#8243; shift_y_down=&#8221;0&#8243; z_index=&#8221;0&#8243; medium_width=&#8221;0&#8243; mobile_width=&#8221;0&#8243; width=&#8221;1\/1&#8243;][vc_custom_heading heading_semantic=&#8221;h5&#8243; text_size=&#8221;h5&#8243; text_weight=&#8221;200&#8243;]<\/p>\n<p lang=\"pt-BR\"><span style=\"font-family: Calibri, serif;\">A Mega Labs S.A. n\u00e3o oferece nenhuma garantia nem se responsabiliza, em nenhum caso, pelos danos e preju\u00edzos de qualquer natureza, sejam eles diretos ou indiretos, mediatos ou imediatos, eventuais, incidentais ou consequentes, que possam se basear em:<\/span><\/p>\n<p lang=\"pt-BR\"><span style=\"font-family: Calibri, serif;\">5.1. A falta de disponibilidade, manuten\u00e7\u00e3o e funcionamento efetivo do Site e\/ou de seus servi\u00e7os ou conte\u00fados.<\/span><\/p>\n<p lang=\"pt-BR\"><span style=\"font-family: Calibri, serif;\">5.2. A falta de utilidade, adequa\u00e7\u00e3o ou validade do Site e\/ou de seus servi\u00e7os ou conte\u00fados para satisfazer necessidades, atividades, resultados concretos ou expectativas dos usu\u00e1rios.<\/span><\/p>\n<p lang=\"pt-BR\"><span style=\"font-family: Calibri, serif;\">5.3. A exist\u00eancia de v\u00edrus e programas maliciosos ou prejudiciais nos conte\u00fados, inclusive riscos de dano ao software ou hardware.<\/span><\/p>\n<p lang=\"pt-BR\"><span style=\"font-family: Calibri, serif;\">5.4. O recebimento, obten\u00e7\u00e3o, armazenamento, difus\u00e3o ou transmiss\u00e3o dos conte\u00fados por parte dos usu\u00e1rios.<\/span><\/p>\n<p lang=\"pt-BR\"><span style=\"font-family: Calibri, serif;\">5.5. O uso ou impossibilidade de usar este Site ou um erro, imprecis\u00e3o, omiss\u00e3o, atraso ou desatualiza\u00e7\u00e3o de seus conte\u00fados.<\/span><\/p>\n<p lang=\"pt-BR\"><span style=\"font-family: Calibri, serif;\">5.6. O uso il\u00edcito, negligente, fraudulento, contr\u00e1rio \u00e0s presentes Condi\u00e7\u00f5es Gerais, \u00e0 boa-f\u00e9, aos usos geralmente aceitos ou \u00e0 ordem p\u00fablica, do Site, seus servi\u00e7os ou conte\u00fados por parte dos usu\u00e1rios.<\/span><\/p>\n<p lang=\"pt-BR\"><span style=\"font-family: Calibri, serif;\">5.7. O uso das informa\u00e7\u00f5es contidas aqui.<\/span><\/p>\n<p lang=\"pt-BR\"><span style=\"font-family: Calibri, serif;\">5.8. A falta de licitude, qualidade, confiabilidade, utilidade e disponibilidade dos servi\u00e7os prestados por terceiros e disponibilizados aos usu\u00e1rios no Site.<\/span><\/p>\n<p lang=\"pt-BR\"><span style=\"font-family: Calibri, serif;\">5.9. O descumprimento por parte de terceiros de suas obriga\u00e7\u00f5es ou compromissos em rela\u00e7\u00e3o aos servi\u00e7os prestados aos usu\u00e1rios por meio do Site.<\/span><\/p>\n<p>[\/vc_custom_heading][\/vc_column_inner][\/vc_row_inner][vc_row_inner limit_content=&#8221;&#8221;][vc_column_inner column_width_percent=&#8221;100&#8243; position_horizontal=&#8221;right&#8221; gutter_size=&#8221;1&#8243; overlay_alpha=&#8221;50&#8243; shift_x=&#8221;0&#8243; shift_y=&#8221;0&#8243; shift_y_down=&#8221;0&#8243; z_index=&#8221;0&#8243; medium_width=&#8221;0&#8243; mobile_width=&#8221;0&#8243; width=&#8221;1\/1&#8243;][vc_custom_heading heading_semantic=&#8221;h4&#8243; text_size=&#8221;h4&#8243; text_weight=&#8221;300&#8243; text_color=&#8221;accent&#8221;]<\/p>\n<p align=\"LEFT\">ARTIGO 6: DURA\u00c7\u00c3O<\/p>\n<p>[\/vc_custom_heading][\/vc_column_inner][\/vc_row_inner][vc_row_inner limit_content=&#8221;&#8221;][vc_column_inner column_width_percent=&#8221;100&#8243; position_horizontal=&#8221;right&#8221; gutter_size=&#8221;1&#8243; overlay_alpha=&#8221;50&#8243; shift_x=&#8221;0&#8243; shift_y=&#8221;0&#8243; shift_y_down=&#8221;0&#8243; z_index=&#8221;0&#8243; medium_width=&#8221;0&#8243; mobile_width=&#8221;0&#8243; width=&#8221;1\/1&#8243;][vc_custom_heading heading_semantic=&#8221;h5&#8243; text_size=&#8221;h5&#8243; text_weight=&#8221;200&#8243;]<\/p>\n<p lang=\"pt-BR\"><span style=\"font-family: Calibri, serif;\">A dura\u00e7\u00e3o da presta\u00e7\u00e3o do servi\u00e7o do Site e dos servi\u00e7os \u00e9 de car\u00e1ter indefinido. Sem preju\u00edzo do exposto acima, o Site reserva-se o direito de interromper, suspender ou encerrar a presta\u00e7\u00e3o do servi\u00e7o do Site ou de qualquer um dos servi\u00e7os que o integram, nos mesmos termos estipulados na quarta condi\u00e7\u00e3o.<\/span><\/p>\n<p>[\/vc_custom_heading][\/vc_column_inner][\/vc_row_inner][vc_row_inner limit_content=&#8221;&#8221;][vc_column_inner column_width_percent=&#8221;100&#8243; position_horizontal=&#8221;right&#8221; gutter_size=&#8221;1&#8243; overlay_alpha=&#8221;50&#8243; shift_x=&#8221;0&#8243; shift_y=&#8221;0&#8243; shift_y_down=&#8221;0&#8243; z_index=&#8221;0&#8243; medium_width=&#8221;0&#8243; mobile_width=&#8221;0&#8243; width=&#8221;1\/1&#8243;][vc_custom_heading heading_semantic=&#8221;h4&#8243; text_size=&#8221;h4&#8243; text_weight=&#8221;300&#8243; text_color=&#8221;accent&#8221;]<\/p>\n<p align=\"LEFT\">ARTIGO 7: PROPRIEDADE INTELECTUAL<\/p>\n<p>[\/vc_custom_heading][\/vc_column_inner][\/vc_row_inner][vc_row_inner limit_content=&#8221;&#8221;][vc_column_inner column_width_percent=&#8221;100&#8243; position_horizontal=&#8221;right&#8221; gutter_size=&#8221;1&#8243; overlay_alpha=&#8221;50&#8243; shift_x=&#8221;0&#8243; shift_y=&#8221;0&#8243; shift_y_down=&#8221;0&#8243; z_index=&#8221;0&#8243; medium_width=&#8221;0&#8243; mobile_width=&#8221;0&#8243; width=&#8221;1\/1&#8243;][vc_custom_heading heading_semantic=&#8221;h5&#8243; text_size=&#8221;h5&#8243; text_weight=&#8221;200&#8243;]<\/p>\n<p lang=\"pt-BR\"><span style=\"font-family: Calibri, serif;\">Todos os conte\u00fados e o design deste Site s\u00e3o de propriedade exclusiva da Mega Labs S.A. e\/ou de terceiros que autorizaram sua publica\u00e7\u00e3o ou utiliza\u00e7\u00e3o.<\/span><\/p>\n<p lang=\"pt-BR\"><span style=\"font-family: Calibri, serif;\">A fim de preservar os poss\u00edveis direitos de propriedade intelectual, caso qualquer usu\u00e1rio ou terceiro considere que houve uma viola\u00e7\u00e3o de seus direitos leg\u00edtimos devido \u00e0 introdu\u00e7\u00e3o de um determinado conte\u00fado no Site, essa circunst\u00e2ncia dever\u00e1 ser notificada ao Site, indicando:<\/span><\/p>\n<p lang=\"pt-BR\"><span style=\"font-family: Calibri, serif;\">7.1. Dados pessoais do interessado titular dos direitos que supostamente foram violados. Se a queixa for apresentada por um terceiro diferente do interessado, a representa\u00e7\u00e3o com que atua deve ser indicada.<\/span><\/p>\n<p lang=\"pt-BR\"><span style=\"font-family: Calibri, serif;\">7.2. Indica\u00e7\u00e3o dos conte\u00fados protegidos pelos direitos de propriedade intelectual e sua localiza\u00e7\u00e3o no Site.<\/span><\/p>\n<p lang=\"pt-BR\"><span style=\"font-family: Calibri, serif;\">7.3. Registro dos direitos de propriedade intelectual supramencionados.<\/span><\/p>\n<p lang=\"pt-BR\"><span style=\"font-family: Calibri, serif;\">7.4. Declara\u00e7\u00e3o expressa, na qual o interessado se responsabiliza pela veracidade das informa\u00e7\u00f5es fornecidas na notifica\u00e7\u00e3o.<\/span><\/p>\n<p><span style=\"font-family: Calibri, serif;\"><span lang=\"pt-BR\">Todos os nomes dos produtos, os logos da Mega Labs S.A., as marcas pertencentes \u00e0 Mega Labs S.A. e as respectivas marcas gr\u00e1ficas s\u00e3o de propriedade exclusiva da Mega Labs S.A. e\/ou de terceiros que autorizaram sua publica\u00e7\u00e3o ou utiliza\u00e7\u00e3o, foram devidamente registradas como marcas registradas e est\u00e3o protegidas pela Lei de Propriedade Intelectual, sendo proibido por lei reproduzi-los ou us\u00e1-los sem a autoriza\u00e7\u00e3o de seu titular, sujeitando o infrator \u00e0s san\u00e7\u00f5es previstas nessa lei. A legitimidade dos direitos de propriedade intelectual ou industrial correspondentes aos conte\u00fados fornecidos por terceiros \u00e9 de responsabilidade exclusiva desses terceiros.<\/span><\/span>[\/vc_custom_heading][\/vc_column_inner][\/vc_row_inner][\/vc_column][\/vc_row][vc_row unlock_row_content=&#8221;yes&#8221; row_height_percent=&#8221;0&#8243; override_padding=&#8221;yes&#8221; h_padding=&#8221;0&#8243; top_padding=&#8221;0&#8243; bottom_padding=&#8221;0&#8243; overlay_alpha=&#8221;50&#8243; equal_height=&#8221;yes&#8221; gutter_size=&#8221;0&#8243; column_width_percent=&#8221;100&#8243; shift_y=&#8221;0&#8243; z_index=&#8221;0&#8243; el_class=&#8221;contacto-megalabs&#8221; row_height_pixel=&#8221;20&#8243; css=&#8221;.vc_custom_1574822773220{padding-top: 0px !important;padding-bottom: 0px !important;}&#8221;][vc_column column_width_percent=&#8221;100&#8243; gutter_size=&#8221;3&#8243; override_padding=&#8221;yes&#8221; column_padding=&#8221;3&#8243; style=&#8221;dark&#8221; back_color=&#8221;color-877404&#8243; overlay_alpha=&#8221;0&#8243; shift_x=&#8221;0&#8243; shift_y=&#8221;0&#8243; shift_y_down=&#8221;0&#8243; z_index=&#8221;0&#8243; medium_width=&#8221;0&#8243; mobile_width=&#8221;0&#8243; width=&#8221;2\/4&#8243; mobile_height=&#8221;360&#8243; css=&#8221;.vc_custom_1574822882993{padding-top: 0px !important;padding-bottom: 0px !important;}&#8221;][\/vc_column][vc_column column_width_percent=&#8221;100&#8243; gutter_size=&#8221;3&#8243; override_padding=&#8221;yes&#8221; column_padding=&#8221;3&#8243; style=&#8221;dark&#8221; back_color=&#8221;color-774395&#8243; overlay_alpha=&#8221;0&#8243; shift_x=&#8221;0&#8243; shift_y=&#8221;0&#8243; shift_y_down=&#8221;0&#8243; z_index=&#8221;0&#8243; medium_visibility=&#8221;yes&#8221; medium_width=&#8221;0&#8243; mobile_visibility=&#8221;yes&#8221; mobile_width=&#8221;0&#8243; width=&#8221;1\/4&#8243; css=&#8221;.vc_custom_1574822861818{padding-top: 0px !important;padding-bottom: 0px !important;}&#8221;][\/vc_column][vc_column column_width_percent=&#8221;100&#8243; gutter_size=&#8221;3&#8243; override_padding=&#8221;yes&#8221; column_padding=&#8221;3&#8243; style=&#8221;dark&#8221; back_color=&#8221;color-143419&#8243; overlay_alpha=&#8221;0&#8243; shift_x=&#8221;0&#8243; shift_y=&#8221;0&#8243; shift_y_down=&#8221;0&#8243; z_index=&#8221;0&#8243; medium_visibility=&#8221;yes&#8221; medium_width=&#8221;0&#8243; mobile_visibility=&#8221;yes&#8221; mobile_width=&#8221;0&#8243; width=&#8221;1\/4&#8243; css=&#8221;.vc_custom_1574822872439{padding-top: 0px !important;padding-bottom: 0px !important;}&#8221;][\/vc_column][\/vc_row]<\/p>\n<\/div>","protected":false},"excerpt":{"rendered":"<p>[vc_row unlock_row_content=&#8221;yes&#8221; row_height_percent=&#8221;0&#8243; overlay_alpha=&#8221;50&#8243; gutter_size=&#8221;3&#8243; column_width_percent=&#8221;100&#8243; shift_y=&#8221;0&#8243; z_index=&#8221;0&#8243;][vc_column width=&#8221;1\/3&#8243;][vc_custom_heading heading_semantic=&#8221;h3&#8243; text_font=&#8221;font-195522&#8243; text_size=&#8221;h1&#8243; text_weight=&#8221;700&#8243; text_color=&#8221;color-877404&#8243;]Termos e Condi\u00e7\u00f5es de Uso[\/vc_custom_heading][\/vc_column][vc_column column_width_percent=&#8221;62&#8243; position_horizontal=&#8221;left&#8221; [&hellip;]<\/p>\n","protected":false},"author":1,"featured_media":0,"parent":0,"menu_order":0,"comment_status":"closed","ping_status":"closed","template":"","meta":{"footnotes":""},"class_list":["post-82154","page","type-page","status-publish","hentry"],"_links":{"self":[{"href":"https:\/\/megalabs.global\/por\/wp-json\/wp\/v2\/pages\/82154","targetHints":{"allow":["GET"]}}],"collection":[{"href":"https:\/\/megalabs.global\/por\/wp-json\/wp\/v2\/pages"}],"about":[{"href":"https:\/\/megalabs.global\/por\/wp-json\/wp\/v2\/types\/page"}],"author":[{"embeddable":true,"href":"https:\/\/megalabs.global\/por\/wp-json\/wp\/v2\/users\/1"}],"replies":[{"embeddable":true,"href":"https:\/\/megalabs.global\/por\/wp-json\/wp\/v2\/comments?post=82154"}],"version-history":[{"count":0,"href":"https:\/\/megalabs.global\/por\/wp-json\/wp\/v2\/pages\/82154\/revisions"}],"wp:attachment":[{"href":"https:\/\/megalabs.global\/por\/wp-json\/wp\/v2\/media?parent=82154"}],"curies":[{"name":"wp","href":"https:\/\/api.w.org\/{rel}","templated":true}]}}