{"id":82156,"date":"2020-02-13T12:20:26","date_gmt":"2020-02-13T15:20:26","guid":{"rendered":"https:\/\/megalabs.global\/por\/?page_id=82156"},"modified":"2020-05-30T15:03:26","modified_gmt":"2020-05-30T18:03:26","slug":"politica-privacidad","status":"publish","type":"page","link":"https:\/\/megalabs.global\/por\/politica-privacidad\/","title":{"rendered":"Pol\u00edtica de Privacidade"},"content":{"rendered":"<div class=\"wpb-content-wrapper\"><p>[vc_row unlock_row_content=&#8221;yes&#8221; row_height_percent=&#8221;0&#8243; overlay_alpha=&#8221;50&#8243; gutter_size=&#8221;3&#8243; column_width_percent=&#8221;100&#8243; shift_y=&#8221;0&#8243; z_index=&#8221;0&#8243;][vc_column width=&#8221;1\/3&#8243;][vc_custom_heading heading_semantic=&#8221;h3&#8243; text_font=&#8221;font-195522&#8243; text_size=&#8221;h1&#8243; text_weight=&#8221;700&#8243; text_color=&#8221;color-877404&#8243;]Pol\u00edtica de Privacidade[\/vc_custom_heading][\/vc_column][vc_column column_width_percent=&#8221;62&#8243; position_horizontal=&#8221;left&#8221; gutter_size=&#8221;3&#8243; overlay_alpha=&#8221;50&#8243; shift_x=&#8221;0&#8243; shift_y=&#8221;0&#8243; shift_y_down=&#8221;0&#8243; z_index=&#8221;0&#8243; medium_width=&#8221;0&#8243; mobile_width=&#8221;0&#8243; width=&#8221;2\/3&#8243;][vc_row_inner limit_content=&#8221;&#8221;][vc_column_inner column_width_percent=&#8221;100&#8243; position_horizontal=&#8221;right&#8221; gutter_size=&#8221;1&#8243; overlay_alpha=&#8221;50&#8243; shift_x=&#8221;0&#8243; shift_y=&#8221;0&#8243; shift_y_down=&#8221;0&#8243; z_index=&#8221;0&#8243; medium_width=&#8221;0&#8243; mobile_width=&#8221;0&#8243; width=&#8221;1\/1&#8243;][vc_custom_heading heading_semantic=&#8221;h4&#8243; text_size=&#8221;h4&#8243; text_weight=&#8221;300&#8243;]<\/p>\n<ul>\n<li class=\"m_-6478958422978102215MsoListParagraph\"><b><span lang=\"ES\">1.\u00a0<i>MEGA LABS S.A.,<\/i><\/span><\/b><span lang=\"ES\">\u00a0\u00e9 propriet\u00e1ria deste site e s\u00f3 coletar\u00e1 informa\u00e7\u00f5es que contenham dados pessoais de usu\u00e1rios e clientes ap\u00f3s obter seu consentimento para isso.<\/span><u><\/u><u><\/u><\/li>\n<li class=\"m_-6478958422978102215MsoListParagraph\"><b><span lang=\"ES\">2.\u00a0<i>MEGA LABS S.A.,<\/i><\/span><\/b><span lang=\"ES\">\u00a0 tratar\u00e1 os dados pessoais fornecidos pelos usu\u00e1rios e clientes deste site somente com a finalidade e da forma detalhada nesta Pol\u00edtica de Privacidade, totalmente de acordo com as normas da Rep\u00fablica Oriental do Uruguai em mat\u00e9ria de Prote\u00e7\u00e3o de Dados Pessoais, principalmente a Lei N\u00b0 18.331, a Lei N\u00b0 18.719 e os Decretos N\u00b0 664\/008 de 22-12-008 e 414\/009 de 31-8-009.<\/span><u><\/u><u><\/u><\/li>\n<li class=\"m_-6478958422978102215MsoListParagraph\"><b><span lang=\"ES\">3.\u00a0<i>MEGA LABS S.A.,<\/i><\/span><\/b><span lang=\"ES\">\u00a0compromete-se a usar os dados pessoais que receber exclusivamente para as finalidades espec\u00edficas para as quais o usu\u00e1rio ou cliente os forneceu, n\u00e3o os transferindo a terceiros. Sem preju\u00edzo do disposto acima, reserva-se a possibilidade de realizar o tratamento de dados pessoais dos usu\u00e1rios para utiliz\u00e1-los nos outros servi\u00e7os da empresa ou de seus parceiros comerciais.<\/span><u><\/u><u><\/u><\/li>\n<li class=\"m_-6478958422978102215MsoListParagraph\"><b><span lang=\"ES\">4.<\/span><\/b><span lang=\"ES\">\u00a0Os dados pessoais podem ser armazenados nos servidores de possa da empresa atualmente ou no futuro, no Uruguai ou em outros pa\u00edses, com um n\u00edvel de prote\u00e7\u00e3o adequado.<\/span><u><\/u><u><\/u><\/li>\n<li class=\"m_-6478958422978102215MsoListParagraph\"><b><span lang=\"ES\">5.\u00a0<i>MEGALABS S.A.,<\/i><\/span><\/b><span lang=\"ES\">\u00a0implementou todas as medidas de seguran\u00e7a necess\u00e1rias para evitar que terceiros n\u00e3o autorizados acessem os dados. Isso inclui as medidas de seguran\u00e7a f\u00edsicas e o acesso somente de funcion\u00e1rios ou empreiteiros que precisem acessar os dados por motivos de trabalho, sendo que estar\u00e3o sujeitos a cl\u00e1usulas de confidencialidade e obriga\u00e7\u00f5es de sigilo profissional, conforme o art. 302 do C\u00f3digo Penal.<\/span><u><\/u><u><\/u><\/li>\n<li class=\"m_-6478958422978102215MsoListParagraph\"><b><span lang=\"ES\">6.\u00a0<i>MEGA LABS S.A.,<\/i><\/span><\/b><span lang=\"ES\">\u00a0envidar\u00e1 todos os esfor\u00e7os poss\u00edveis para proteger os dados pessoais fornecidos pelos usu\u00e1rios ou clientes por meio deste site. No entanto, se, no cumprimento das obriga\u00e7\u00f5es contratuais assumidas com terceiros ou caso haja uma ordem judicial a respeito disso, poder\u00e1 revelar alguns dos dados que estiverem em seu poder.<\/span><u><\/u><u><\/u><\/li>\n<li class=\"m_-6478958422978102215MsoListParagraph\"><b><span lang=\"ES\">7.<\/span><\/b><span lang=\"ES\">\u00a0O Respons\u00e1vel pelos bancos de dados \u00e9 a MEGA LABS S.A., mas voc\u00ea pode exercer seus direitos de acesso, modifica\u00e7\u00e3o ou supress\u00e3o neste endere\u00e7o: Ruta 101 km. 23,500, Parque de las Ciencias, Edificio Platino, Canelones, Uruguai (Tel.: 26838000). O usu\u00e1rio ou cliente tamb\u00e9m poder\u00e1 apresentar, da mesma forma, as queixas ou sugest\u00f5es que julgar oportunas.<\/span><\/li>\n<\/ul>\n<p>[\/vc_custom_heading][\/vc_column_inner][\/vc_row_inner][\/vc_column][\/vc_row][vc_row unlock_row_content=&#8221;yes&#8221; row_height_percent=&#8221;0&#8243; override_padding=&#8221;yes&#8221; h_padding=&#8221;0&#8243; top_padding=&#8221;0&#8243; bottom_padding=&#8221;0&#8243; overlay_alpha=&#8221;50&#8243; equal_height=&#8221;yes&#8221; gutter_size=&#8221;0&#8243; column_width_percent=&#8221;100&#8243; shift_y=&#8221;0&#8243; z_index=&#8221;0&#8243; el_class=&#8221;contacto-megalabs&#8221; row_height_pixel=&#8221;20&#8243; css=&#8221;.vc_custom_1574822773220{padding-top: 0px !important;padding-bottom: 0px !important;}&#8221;][vc_column column_width_percent=&#8221;100&#8243; gutter_size=&#8221;3&#8243; override_padding=&#8221;yes&#8221; column_padding=&#8221;3&#8243; style=&#8221;dark&#8221; back_color=&#8221;color-877404&#8243; overlay_alpha=&#8221;0&#8243; shift_x=&#8221;0&#8243; shift_y=&#8221;0&#8243; shift_y_down=&#8221;0&#8243; z_index=&#8221;0&#8243; medium_width=&#8221;0&#8243; mobile_width=&#8221;0&#8243; width=&#8221;2\/4&#8243; mobile_height=&#8221;360&#8243; css=&#8221;.vc_custom_1574822882993{padding-top: 0px !important;padding-bottom: 0px !important;}&#8221;][\/vc_column][vc_column column_width_percent=&#8221;100&#8243; gutter_size=&#8221;3&#8243; override_padding=&#8221;yes&#8221; column_padding=&#8221;3&#8243; style=&#8221;dark&#8221; back_color=&#8221;color-774395&#8243; overlay_alpha=&#8221;0&#8243; shift_x=&#8221;0&#8243; shift_y=&#8221;0&#8243; shift_y_down=&#8221;0&#8243; z_index=&#8221;0&#8243; medium_visibility=&#8221;yes&#8221; medium_width=&#8221;0&#8243; mobile_visibility=&#8221;yes&#8221; mobile_width=&#8221;0&#8243; width=&#8221;1\/4&#8243; css=&#8221;.vc_custom_1574822861818{padding-top: 0px !important;padding-bottom: 0px !important;}&#8221;][\/vc_column][vc_column column_width_percent=&#8221;100&#8243; gutter_size=&#8221;3&#8243; override_padding=&#8221;yes&#8221; column_padding=&#8221;3&#8243; style=&#8221;dark&#8221; back_color=&#8221;color-143419&#8243; overlay_alpha=&#8221;0&#8243; shift_x=&#8221;0&#8243; shift_y=&#8221;0&#8243; shift_y_down=&#8221;0&#8243; z_index=&#8221;0&#8243; medium_visibility=&#8221;yes&#8221; medium_width=&#8221;0&#8243; mobile_visibility=&#8221;yes&#8221; mobile_width=&#8221;0&#8243; width=&#8221;1\/4&#8243; css=&#8221;.vc_custom_1574822872439{padding-top: 0px !important;padding-bottom: 0px !important;}&#8221;][\/vc_column][\/vc_row]<\/p>\n<\/div>","protected":false},"excerpt":{"rendered":"<p>[vc_row unlock_row_content=&#8221;yes&#8221; row_height_percent=&#8221;0&#8243; overlay_alpha=&#8221;50&#8243; gutter_size=&#8221;3&#8243; column_width_percent=&#8221;100&#8243; shift_y=&#8221;0&#8243; z_index=&#8221;0&#8243;][vc_column width=&#8221;1\/3&#8243;][vc_custom_heading heading_semantic=&#8221;h3&#8243; text_font=&#8221;font-195522&#8243; text_size=&#8221;h1&#8243; text_weight=&#8221;700&#8243; text_color=&#8221;color-877404&#8243;]Pol\u00edtica de Privacidade[\/vc_custom_heading][\/vc_column][vc_column column_width_percent=&#8221;62&#8243; position_horizontal=&#8221;left&#8221; gutter_size=&#8221;3&#8243; overlay_alpha=&#8221;50&#8243; [&hellip;]<\/p>\n","protected":false},"author":1,"featured_media":0,"parent":0,"menu_order":0,"comment_status":"closed","ping_status":"closed","template":"","meta":{"footnotes":""},"class_list":["post-82156","page","type-page","status-publish","hentry"],"_links":{"self":[{"href":"https:\/\/megalabs.global\/por\/wp-json\/wp\/v2\/pages\/82156","targetHints":{"allow":["GET"]}}],"collection":[{"href":"https:\/\/megalabs.global\/por\/wp-json\/wp\/v2\/pages"}],"about":[{"href":"https:\/\/megalabs.global\/por\/wp-json\/wp\/v2\/types\/page"}],"author":[{"embeddable":true,"href":"https:\/\/megalabs.global\/por\/wp-json\/wp\/v2\/users\/1"}],"replies":[{"embeddable":true,"href":"https:\/\/megalabs.global\/por\/wp-json\/wp\/v2\/comments?post=82156"}],"version-history":[{"count":0,"href":"https:\/\/megalabs.global\/por\/wp-json\/wp\/v2\/pages\/82156\/revisions"}],"wp:attachment":[{"href":"https:\/\/megalabs.global\/por\/wp-json\/wp\/v2\/media?parent=82156"}],"curies":[{"name":"wp","href":"https:\/\/api.w.org\/{rel}","templated":true}]}}